{"id":6439,"date":"2024-04-10T17:49:18","date_gmt":"2024-04-10T10:49:18","guid":{"rendered":"https:\/\/mitunet.com\/?page_id=6439"},"modified":"2024-04-10T17:49:28","modified_gmt":"2024-04-10T10:49:28","slug":"produk","status":"publish","type":"page","link":"https:\/\/mitunet.com\/ms\/produk\/","title":{"rendered":"Produk"},"content":{"rendered":"\r\n<h2 class=\"has-text-align-center zero-margin-bottom wp-block-heading\" style=\"font-style: italic; font-weight: 900;\">Beli Mana-mana Produk..!<\/h2>\r\n\r\n\r\n\r\n<p>Dengan keinginan untuk membantu semua orang memilih produk yang baik, kualiti yang baik, membeli produk tulen daripada pembekal. MiTuNet sentiasa menyemak dan mengemas kini produk berkualiti, sangat dihargai oleh pelanggan untuk kualiti produk mereka. Jenis produk yang kami sediakan sampel selalunya disemak dengan teliti oleh pengguna yang telah membelinya sebelum ini. Selain itu, kami juga menyemak reputasi kedai atau gerai menggunakan parameter dan komen pengguna. Kami berharap sampel produk yang kami sediakan akan membantu anda membuat pilihan yang tepat tentang produk tersebut. Jika anda mempunyai kandungan untuk dibincangkan, sila hubungi MiTuNet melalui maklumat hubungan di laman web..!<\/p>\r\n<h2 class=\"has-text-align-center zero-margin-bottom\" style=\"font-style: italic; font-weight: 900;\">Jenama Baru Dikemas Kini<\/h2>\r\n<p>Senarai jenama terkini yang dikemas kini oleh MiTuNet, lihat jenama mengikut industri&#8230;<\/p>\r\n\r\n\t<div class=\"space-shortcode-wrap space-units-shortcode-1 relative relative\">\r\n\t\t<div class=\"space-shortcode-wrap-ins relative\">\r\n\r\n\t\t\t\r\n\t\t\t<div class=\"space-units-archive-items box-100 relative\">\r\n\r\n\t\t\t\t\r\n\t\t\t\t<div class=\"space-units-archive-item box-25 relative\">\r\n\t\t\t\t\t<div class=\"space-units-archive-item-ins relative\">\r\n\t\t\t\t\t\t\t\t\t\t\t\t\t<div class=\"space-units-archive-item-img relative\">\r\n\t\t\t\t\t\t\t\t<a href=\"https:\/\/mitunet.com\/ms\/profile\/vichy\/\" title=\"Vichy\">\r\n\t\t\t\t\t\t\t\t\t<img loading=\"lazy\" decoding=\"async\" width=\"450\" height=\"317\" src=\"https:\/\/mitunet.com\/wp-content\/uploads\/2023\/12\/Vichy-450x317.jpg\" class=\"attachment-mercury-450-317 size-mercury-450-317\" alt=\"Vichy\" \/>\t\t\t\t\t\t\t\t<\/a>\r\n\t\t\t\t\t\t\t<\/div>\r\n\t\t\t\t\t\t\t\t\t\t\t\t<div class=\"space-units-archive-item-wrap text-center relative\">\r\n\t\t\t\t\t\t\t<div class=\"space-units-archive-item-title relative\">\r\n\t\t\t\t\t\t\t\t<a href=\"https:\/\/mitunet.com\/ms\/profile\/vichy\/\" title=\"Vichy\">Vichy<\/a>\r\n\t\t\t\t\t\t\t<\/div>\r\n\r\n\t\t\t\t\t\t\t\r\n\t\t\t\t\t\t\t<div class=\"space-units-archive-item-button relative\">\r\n\t\t\t\t\t\t\t\t<a href=\"https:\/\/shope.ee\/kMeGDShF\" title=\"Lihat dan beli\" target=\"_blank\" rel=\"nofollow\">Lihat dan beli<\/a>\r\n\t\t\t\t\t\t\t<\/div>\r\n\r\n\t\t\t\t\t\t\t\r\n\t\t\t\t\t\t\t\t\t\t\t\t\t\r\n\t\t\t\t\t\t<\/div>\r\n\t\t\t\t\t<\/div>\r\n\t\t\t\t<\/div>\r\n\r\n\t\t\t\t\r\n\t\t\t\t<div class=\"space-units-archive-item box-25 relative\">\r\n\t\t\t\t\t<div class=\"space-units-archive-item-ins relative\">\r\n\t\t\t\t\t\t\t\t\t\t\t\t\t<div class=\"space-units-archive-item-img relative\">\r\n\t\t\t\t\t\t\t\t<a href=\"https:\/\/mitunet.com\/ms\/profile\/shiseido\/\" title=\"Shiseido\">\r\n\t\t\t\t\t\t\t\t\t<img loading=\"lazy\" decoding=\"async\" width=\"450\" height=\"317\" src=\"https:\/\/mitunet.com\/wp-content\/uploads\/2023\/12\/Shiseido-450x317.jpg\" class=\"attachment-mercury-450-317 size-mercury-450-317\" alt=\"Shiseido\" \/>\t\t\t\t\t\t\t\t<\/a>\r\n\t\t\t\t\t\t\t<\/div>\r\n\t\t\t\t\t\t\t\t\t\t\t\t<div class=\"space-units-archive-item-wrap text-center relative\">\r\n\t\t\t\t\t\t\t<div class=\"space-units-archive-item-title relative\">\r\n\t\t\t\t\t\t\t\t<a href=\"https:\/\/mitunet.com\/ms\/profile\/shiseido\/\" title=\"Shiseido\">Shiseido<\/a>\r\n\t\t\t\t\t\t\t<\/div>\r\n\r\n\t\t\t\t\t\t\t\r\n\t\t\t\t\t\t\t<div class=\"space-units-archive-item-button relative\">\r\n\t\t\t\t\t\t\t\t<a href=\"https:\/\/shope.ee\/30NyEA196G\" title=\"Lihat dan beli\" target=\"_blank\" rel=\"nofollow\">Lihat dan beli<\/a>\r\n\t\t\t\t\t\t\t<\/div>\r\n\r\n\t\t\t\t\t\t\t\r\n\t\t\t\t\t\t\t\t\t\t\t\t\t\r\n\t\t\t\t\t\t<\/div>\r\n\t\t\t\t\t<\/div>\r\n\t\t\t\t<\/div>\r\n\r\n\t\t\t\t\r\n\t\t\t<\/div>\r\n\t\t\r\n\t\t<\/div>\r\n\t<\/div>\r\n\r\n\r\n","protected":false},"excerpt":{"rendered":"<p>Beli Mana-mana Produk..! Dengan keinginan untuk membantu semua orang memilih produk yang baik, kualiti yang baik, membeli produk tulen daripada pembekal. MiTuNet sentiasa menyemak dan mengemas kini produk berkualiti, sangat dihargai oleh pelanggan untuk kualiti produk mereka. Jenis produk yang kami sediakan sampel selalunya disemak dengan teliti oleh pengguna yang telah membelinya sebelum ini. Selain [&hellip;]<\/p>\n","protected":false},"author":1,"featured_media":0,"parent":0,"menu_order":0,"comment_status":"closed","ping_status":"closed","template":"page-casino-archive-style-1.php","meta":{"footnotes":""},"class_list":["post-6439","page","type-page","status-publish","hentry"],"yoast_head":"<!-- This site is optimized with the Yoast SEO plugin v25.5 - https:\/\/yoast.com\/wordpress\/plugins\/seo\/ -->\n<title>Produk premium terpilih membantu anda membeli produk berkualiti | MiTuNet<\/title>\n<meta name=\"description\" content=\"Koleksi sampel produk yang sangat dihargai kualitinya, sangat dihargai oleh pengguna, memilih untuk membeli produk yang cantik dengan harga yang murah, memilih untuk membeli produk yang tulen, kedai yang bereputasi...\" \/>\n<meta name=\"robots\" content=\"index, follow, max-snippet:-1, max-image-preview:large, max-video-preview:-1\" \/>\n<link rel=\"canonical\" href=\"https:\/\/mitunet.com\/ms\/produk\/\" \/>\n<meta property=\"og:locale\" content=\"ms_MY\" \/>\n<meta property=\"og:type\" content=\"article\" \/>\n<meta property=\"og:title\" content=\"Produk premium terpilih membantu anda membeli produk berkualiti | MiTuNet\" \/>\n<meta property=\"og:description\" content=\"Koleksi sampel produk yang sangat dihargai kualitinya, sangat dihargai oleh pengguna, memilih untuk membeli produk yang cantik dengan harga yang murah, memilih untuk membeli produk yang tulen, kedai yang bereputasi...\" \/>\n<meta property=\"og:url\" content=\"https:\/\/mitunet.com\/ms\/produk\/\" \/>\n<meta property=\"og:site_name\" content=\"MiTuNet\" \/>\n<meta property=\"article:modified_time\" content=\"2024-04-10T10:49:28+00:00\" \/>\n<meta name=\"twitter:card\" content=\"summary_large_image\" \/>\n<meta name=\"twitter:label1\" content=\"Est. reading time\" \/>\n\t<meta name=\"twitter:data1\" content=\"1 minute\" \/>\n<script type=\"application\/ld+json\" class=\"yoast-schema-graph\">{\"@context\":\"https:\/\/schema.org\",\"@graph\":[{\"@type\":\"WebPage\",\"@id\":\"https:\/\/mitunet.com\/ms\/produk\/\",\"url\":\"https:\/\/mitunet.com\/ms\/produk\/\",\"name\":\"Produk premium terpilih membantu anda membeli produk berkualiti | MiTuNet\",\"isPartOf\":{\"@id\":\"https:\/\/mitunet.com\/ms\/#website\"},\"datePublished\":\"2024-04-10T10:49:18+00:00\",\"dateModified\":\"2024-04-10T10:49:28+00:00\",\"description\":\"Koleksi sampel produk yang sangat dihargai kualitinya, sangat dihargai oleh pengguna, memilih untuk membeli produk yang cantik dengan harga yang murah, memilih untuk membeli produk yang tulen, kedai yang bereputasi...\",\"breadcrumb\":{\"@id\":\"https:\/\/mitunet.com\/ms\/produk\/#breadcrumb\"},\"inLanguage\":\"ms-MY\",\"potentialAction\":[{\"@type\":\"ReadAction\",\"target\":[\"https:\/\/mitunet.com\/ms\/produk\/\"]}]},{\"@type\":\"BreadcrumbList\",\"@id\":\"https:\/\/mitunet.com\/ms\/produk\/#breadcrumb\",\"itemListElement\":[{\"@type\":\"ListItem\",\"position\":1,\"name\":\"Trang ch\u1ee7\",\"item\":\"https:\/\/mitunet.com\/ms\/\"},{\"@type\":\"ListItem\",\"position\":2,\"name\":\"Produk\"}]},{\"@type\":\"WebSite\",\"@id\":\"https:\/\/mitunet.com\/ms\/#website\",\"url\":\"https:\/\/mitunet.com\/ms\/\",\"name\":\"MiTuNet\",\"description\":\"T\u1ed5ng h\u1ee3p c\u00e1c lo\u1ea1i h\u00ecnh m\u1eabu, file m\u1eabu, xem \u1ea3nh m\u1eabu c\u00e1c lo\u1ea1i s\u1ea3n ph\u1ea9m c\u00f3 tr\u00ean \u0111\u1eddi...\",\"publisher\":{\"@id\":\"https:\/\/mitunet.com\/ms\/#organization\"},\"potentialAction\":[{\"@type\":\"SearchAction\",\"target\":{\"@type\":\"EntryPoint\",\"urlTemplate\":\"https:\/\/mitunet.com\/ms\/?s={search_term_string}\"},\"query-input\":{\"@type\":\"PropertyValueSpecification\",\"valueRequired\":true,\"valueName\":\"search_term_string\"}}],\"inLanguage\":\"ms-MY\"},{\"@type\":\"Organization\",\"@id\":\"https:\/\/mitunet.com\/ms\/#organization\",\"name\":\"MiTuNet\",\"url\":\"https:\/\/mitunet.com\/ms\/\",\"logo\":{\"@type\":\"ImageObject\",\"inLanguage\":\"ms-MY\",\"@id\":\"https:\/\/mitunet.com\/ms\/#\/schema\/logo\/image\/\",\"url\":\"https:\/\/mitunet.com\/wp-content\/uploads\/2024\/03\/logo.png\",\"contentUrl\":\"https:\/\/mitunet.com\/wp-content\/uploads\/2024\/03\/logo.png\",\"width\":350,\"height\":65,\"caption\":\"MiTuNet\"},\"image\":{\"@id\":\"https:\/\/mitunet.com\/ms\/#\/schema\/logo\/image\/\"}}]}<\/script>\n<!-- \/ Yoast SEO plugin. -->","yoast_head_json":{"title":"Produk premium terpilih membantu anda membeli produk berkualiti | MiTuNet","description":"Koleksi sampel produk yang sangat dihargai kualitinya, sangat dihargai oleh pengguna, memilih untuk membeli produk yang cantik dengan harga yang murah, memilih untuk membeli produk yang tulen, kedai yang bereputasi...","robots":{"index":"index","follow":"follow","max-snippet":"max-snippet:-1","max-image-preview":"max-image-preview:large","max-video-preview":"max-video-preview:-1"},"canonical":"https:\/\/mitunet.com\/ms\/produk\/","og_locale":"ms_MY","og_type":"article","og_title":"Produk premium terpilih membantu anda membeli produk berkualiti | MiTuNet","og_description":"Koleksi sampel produk yang sangat dihargai kualitinya, sangat dihargai oleh pengguna, memilih untuk membeli produk yang cantik dengan harga yang murah, memilih untuk membeli produk yang tulen, kedai yang bereputasi...","og_url":"https:\/\/mitunet.com\/ms\/produk\/","og_site_name":"MiTuNet","article_modified_time":"2024-04-10T10:49:28+00:00","twitter_card":"summary_large_image","twitter_misc":{"Est. reading time":"1 minute"},"schema":{"@context":"https:\/\/schema.org","@graph":[{"@type":"WebPage","@id":"https:\/\/mitunet.com\/ms\/produk\/","url":"https:\/\/mitunet.com\/ms\/produk\/","name":"Produk premium terpilih membantu anda membeli produk berkualiti | MiTuNet","isPartOf":{"@id":"https:\/\/mitunet.com\/ms\/#website"},"datePublished":"2024-04-10T10:49:18+00:00","dateModified":"2024-04-10T10:49:28+00:00","description":"Koleksi sampel produk yang sangat dihargai kualitinya, sangat dihargai oleh pengguna, memilih untuk membeli produk yang cantik dengan harga yang murah, memilih untuk membeli produk yang tulen, kedai yang bereputasi...","breadcrumb":{"@id":"https:\/\/mitunet.com\/ms\/produk\/#breadcrumb"},"inLanguage":"ms-MY","potentialAction":[{"@type":"ReadAction","target":["https:\/\/mitunet.com\/ms\/produk\/"]}]},{"@type":"BreadcrumbList","@id":"https:\/\/mitunet.com\/ms\/produk\/#breadcrumb","itemListElement":[{"@type":"ListItem","position":1,"name":"Trang ch\u1ee7","item":"https:\/\/mitunet.com\/ms\/"},{"@type":"ListItem","position":2,"name":"Produk"}]},{"@type":"WebSite","@id":"https:\/\/mitunet.com\/ms\/#website","url":"https:\/\/mitunet.com\/ms\/","name":"MiTuNet","description":"T\u1ed5ng h\u1ee3p c\u00e1c lo\u1ea1i h\u00ecnh m\u1eabu, file m\u1eabu, xem \u1ea3nh m\u1eabu c\u00e1c lo\u1ea1i s\u1ea3n ph\u1ea9m c\u00f3 tr\u00ean \u0111\u1eddi...","publisher":{"@id":"https:\/\/mitunet.com\/ms\/#organization"},"potentialAction":[{"@type":"SearchAction","target":{"@type":"EntryPoint","urlTemplate":"https:\/\/mitunet.com\/ms\/?s={search_term_string}"},"query-input":{"@type":"PropertyValueSpecification","valueRequired":true,"valueName":"search_term_string"}}],"inLanguage":"ms-MY"},{"@type":"Organization","@id":"https:\/\/mitunet.com\/ms\/#organization","name":"MiTuNet","url":"https:\/\/mitunet.com\/ms\/","logo":{"@type":"ImageObject","inLanguage":"ms-MY","@id":"https:\/\/mitunet.com\/ms\/#\/schema\/logo\/image\/","url":"https:\/\/mitunet.com\/wp-content\/uploads\/2024\/03\/logo.png","contentUrl":"https:\/\/mitunet.com\/wp-content\/uploads\/2024\/03\/logo.png","width":350,"height":65,"caption":"MiTuNet"},"image":{"@id":"https:\/\/mitunet.com\/ms\/#\/schema\/logo\/image\/"}}]}},"_links":{"self":[{"href":"https:\/\/mitunet.com\/ms\/wp-json\/wp\/v2\/pages\/6439","targetHints":{"allow":["GET"]}}],"collection":[{"href":"https:\/\/mitunet.com\/ms\/wp-json\/wp\/v2\/pages"}],"about":[{"href":"https:\/\/mitunet.com\/ms\/wp-json\/wp\/v2\/types\/page"}],"author":[{"embeddable":true,"href":"https:\/\/mitunet.com\/ms\/wp-json\/wp\/v2\/users\/1"}],"replies":[{"embeddable":true,"href":"https:\/\/mitunet.com\/ms\/wp-json\/wp\/v2\/comments?post=6439"}],"version-history":[{"count":0,"href":"https:\/\/mitunet.com\/ms\/wp-json\/wp\/v2\/pages\/6439\/revisions"}],"wp:attachment":[{"href":"https:\/\/mitunet.com\/ms\/wp-json\/wp\/v2\/media?parent=6439"}],"curies":[{"name":"wp","href":"https:\/\/api.w.org\/{rel}","templated":true}]}}