{"id":6464,"date":"2024-04-10T19:24:19","date_gmt":"2024-04-10T12:24:19","guid":{"rendered":"https:\/\/mitunet.com\/?page_id=6464"},"modified":"2024-04-10T19:24:19","modified_gmt":"2024-04-10T12:24:19","slug":"negar-a-responsabilidade","status":"publish","type":"page","link":"https:\/\/mitunet.com\/pt-pt\/negar-a-responsabilidade\/","title":{"rendered":"Negar a responsabilidade"},"content":{"rendered":"<p>A MiTuNet se esfor\u00e7ar\u00e1 para garantir a precis\u00e3o das informa\u00e7\u00f5es listadas neste site, embora n\u00e3o aceite qualquer responsabilidade por qualquer informa\u00e7\u00e3o faltante ou incorreta. Voc\u00ea entende que est\u00e1 usando toda e qualquer informa\u00e7\u00e3o dispon\u00edvel aqui POR SUA CONTA E RISCO. Voc\u00ea deve tomar medidas suficientes para verificar a exatid\u00e3o e integridade de qualquer informa\u00e7\u00e3o no site.<\/p>\n<p>O conhecimento que o MiTuNet fornece e posta aos usu\u00e1rios \u00e9 verificado e vivenciado pela equipe na implementa\u00e7\u00e3o de projetos para clientes. Com o desejo de compartilhar imagens de amostra, compartilhar produtos genu\u00ednos, bons pre\u00e7os e comprar produtos de qualidade certa para usu\u00e1rios no Vietn\u00e3, sempre atualizamos o conhecimento geral das tend\u00eancias.<\/p>\n<p>O conhecimento, os documentos e os materiais que publicamos s\u00e3o apenas para refer\u00eancia e n\u00e3o s\u00e3o conselhos pr\u00e1ticos para todos. Voc\u00ea deve us\u00e1-los e aplic\u00e1-los com o compromisso de assumir a responsabilidade por suas a\u00e7\u00f5es. A decis\u00e3o que tomei.<\/p>\n<p>N\u00e3o incentivamos os usu\u00e1rios a seguir tend\u00eancias com promessas de \u201cenriquecer r\u00e1pido\u201d, \u201cenriquecer da noite para o dia\u201d, \u201cenriquecer em um curto per\u00edodo de tempo\u201d. Tamb\u00e9m promovemos os modelos de neg\u00f3cios &#8220;capital de risco&#8221;, &#8220;investimento ponzi&#8221;, &#8220;modelo de neg\u00f3cios MLM&#8221;&#8230;<\/p>\n<p>MiTuNet s\u00f3 acredita em esfor\u00e7o e dilig\u00eancia, se voc\u00ea aprender algum conhecimento \u00fatil, poder\u00e1 compartilh\u00e1-lo com outras pessoas. Por\u00e9m, a aplica\u00e7\u00e3o para produzir resultados reais depende do esfor\u00e7o de cada um, quanto mais esfor\u00e7o voc\u00ea colocar, mais resultados ter\u00e1 e vice-versa.<\/p>\n<h2>Limita\u00e7\u00e3o de responsabilidade<\/h2>\n<p>O Site \u00e9 fornecido COMO EST\u00c1 e COMO DISPON\u00cdVEL, sem qualquer representa\u00e7\u00e3o ou endosso e sem garantias de qualquer tipo, expressas ou impl\u00edcitas, incluindo as garantias impl\u00edcitas de qualidade satisfat\u00f3ria, adequa\u00e7\u00e3o a uma finalidade espec\u00edfica, n\u00e3o viola\u00e7\u00e3o, compatibilidade, seguran\u00e7a e precis\u00e3o.<br \/>\nNa medida permitida por lei, a MiTuNet n\u00e3o ser\u00e1 respons\u00e1vel por quaisquer perdas ou danos indiretos ou consequenciais (incluindo perda de neg\u00f3cios, oportunidades, dados, lucros) decorrentes ou relacionados ao uso do site.<br \/>\nA MiTuNet n\u00e3o garante que a funcionalidade do site seja ininterrupta ou livre de erros, que os defeitos sejam corrigidos, que o site ou o servidor que o disponibiliza esteja livre de v\u00edrus ou qualquer outra coisa que possa ser prejudicial ou de vandalismo.<br \/>\nNada nestes Termos e Condi\u00e7\u00f5es deve ser interpretado de forma a excluir ou limitar a responsabilidade da MiTuNet por morte ou danos pessoais causados \u200b\u200bpor neglig\u00eancia da MiTuNet.<\/p>\n<h2>Links de e para outros sites<\/h2>\n<p>Neste site voc\u00ea pode encontrar links para sites de terceiros que s\u00e3o controlados e mantidos por terceiros. Fornecer um link para tal site n\u00e3o implica nosso endosso desse site, e voc\u00ea reconhece e concorda que n\u00e3o somos respons\u00e1veis \u200b\u200bpelo conte\u00fado ou disponibilidade de tal site. Se voc\u00ea acessar qualquer site atrav\u00e9s de um link neste site, voc\u00ea o far\u00e1 por sua pr\u00f3pria conta e risco.<br \/>\nQualquer parte que pretenda criar um link para este site tem o direito de faz\u00ea-lo, sujeito ao cumprimento das seguintes condi\u00e7\u00f5es:<br \/>\n(a) voc\u00ea n\u00e3o pretende insinuar que estamos endossando os servi\u00e7os ou produtos de outra parte, a menos que isso tenha sido acordado por n\u00f3s por escrito;<\/p>\n<p>(b) voc\u00ea n\u00e3o deturpa seu relacionamento com este site<\/p>\n<p>(c) o site a partir do qual voc\u00ea acessa este site n\u00e3o cont\u00e9m conte\u00fado ofensivo ou controverso ou conte\u00fado que infrinja qualquer propriedade intelectual ou outro direito de terceiros.<\/p>\n<p>Ao criar um link para este site em viola\u00e7\u00e3o aos nossos termos, voc\u00ea nos indenizar\u00e1 por qualquer perda ou dano a este site como resultado de tal link.<\/p>\n<h2>Aceite os termos de uso<\/h2>\n<p>Ao utilizar qualquer um dos servi\u00e7os do site, voc\u00ea aceita e concorda em obedecer e cumprir os termos de uso do MiTuNet abaixo. Se voc\u00ea n\u00e3o concorda com algum dos termos de uso, pol\u00edtica de privacidade do MiTuNet ou n\u00e3o possui plena capacidade legal, pare de acessar e usar o MiTuNet.<\/p>\n<h2>Acesso e uso<\/h2>\n<p>A MiTuNet reserva-se o direito de encerrar ou alterar qualquer servi\u00e7o ou informa\u00e7\u00e3o fornecida pelo site a qualquer momento, a crit\u00e9rio da MiTuNet, sem aviso pr\u00e9vio.<\/p>\n<p>MiTuNet fornece informa\u00e7\u00f5es gratuitas para todos. N\u00e3o obtenha acesso n\u00e3o autorizado a p\u00e1ginas n\u00e3o p\u00fablicas, por qualquer m\u00e9todo que n\u00e3o seja atrav\u00e9s da interface e das instru\u00e7\u00f5es que fornecemos. Poderemos suspender ou parar de fornecer nossos Servi\u00e7os a voc\u00ea se voc\u00ea n\u00e3o cumprir nossos termos ou pol\u00edticas ou se estivermos investigando suspeitas de m\u00e1 conduta.<\/p>\n<h2>Direito de propriedade intelectual<\/h2>\n<p>Estes Termos de Uso permitem que voc\u00ea use os servi\u00e7os MiTuNet para fins pessoais e n\u00e3o comerciais. Voc\u00ea n\u00e3o pode copiar, distribuir, modificar, exibir publicamente, executar publicamente, republicar, baixar, armazenar ou transmitir qualquer conte\u00fado ou material dispon\u00edvel no site MiTuNet, exceto nos casos em que isso seja feito automaticamente pelo computador\/navegador que voc\u00ea usa e seja necess\u00e1rio para acessar e usar os servi\u00e7os e informa\u00e7\u00f5es.<\/p>\n<h2>Marca comercial<\/h2>\n<p>Voc\u00ea n\u00e3o pode usar marcas registradas MiTuNet, sem a permiss\u00e3o pr\u00e9via por escrito da MiTuNet. Marcas registradas, logotipos, produtos ou servi\u00e7os, designs ou slogans de terceiros que aparecem no MiTuNet n\u00e3o indicam necessariamente qualquer associa\u00e7\u00e3o desses terceiros com o MiTuNet.<\/p>\n<h2>A conduta \u00e9 estritamente proibida<\/h2>\n<p>Voc\u00ea s\u00f3 pode usar os servi\u00e7os MiTuNet para fins legais e de acordo com os termos de uso. Voc\u00ea concorda em n\u00e3o usar os servi\u00e7os da MiTuNet para qualquer conduta ou prop\u00f3sito que viole a lei.<\/p>\n<h2>Contribui\u00e7\u00f5es dos membros<\/h2>\n<p>Qualquer informa\u00e7\u00e3o que voc\u00ea enviar para os Contatos MiTuNet ser\u00e1 considerada n\u00e3o confidencial. Ao fornecer qualquer contribui\u00e7\u00e3o ao site, voc\u00ea concede ao site uma licen\u00e7a irrevog\u00e1vel, completa, perp\u00e9tua e isenta de royalties para republicar, exibir, distribuir, modificar. Voc\u00ea garante que possui ou controla todos os direitos sobre as informa\u00e7\u00f5es fornecidas ao MiTuNet. Voc\u00ea garante a legalidade, confiabilidade, precis\u00e3o e adequa\u00e7\u00e3o de tais informa\u00e7\u00f5es. MiTuNet n\u00e3o \u00e9 respons\u00e1vel, perante terceiros, pelo conte\u00fado ou precis\u00e3o de quaisquer contribui\u00e7\u00f5es de usu\u00e1rios.<\/p>\n<h2>Monitoramento e fiscaliza\u00e7\u00e3o<\/h2>\n<p>MiTuNet tem o direito de: remover ou recusar a publica\u00e7\u00e3o de informa\u00e7\u00f5es contribu\u00eddas por qualquer membro de acordo com a avalia\u00e7\u00e3o do site; fazer as modifica\u00e7\u00f5es que o MiTuNet considerar necess\u00e1rias nas contribui\u00e7\u00f5es dos membros; divulgar a sua identidade ou outras informa\u00e7\u00f5es sobre voc\u00ea conforme exigido pelas autoridades competentes; Encerrar ou suspender seu acesso a todos ou parte dos Servi\u00e7os MiTuNet por qualquer ou nenhum motivo.<\/p>\n<h2>Viola\u00e7\u00e3o de direitos autorais<\/h2>\n<p>MiTuNet leva a s\u00e9rio as quest\u00f5es de direitos autorais. E responder\u00e1 a avisos de viola\u00e7\u00e3o de direitos autorais. De acordo com as disposi\u00e7\u00f5es da lei. Se voc\u00ea acredita que qualquer informa\u00e7\u00e3o fornecida no MiTuNet viola seus direitos autorais. Voc\u00ea pode solicitar a remo\u00e7\u00e3o dessas informa\u00e7\u00f5es dos servi\u00e7os MiTuNet. Enviando aviso ao site por e-mail ou outras formas de comunica\u00e7\u00e3o apropriadas.<\/p>\n<h2>Com base na informa\u00e7\u00e3o fornecida<\/h2>\n<p>Informa\u00e7\u00f5es dispon\u00edveis nos ou atrav\u00e9s dos Servi\u00e7os MiTuNet. Fornecido apenas para fins de informa\u00e7\u00e3o geral. MiTuNet pode atualizar essas informa\u00e7\u00f5es de tempos em tempos. Mas seu conte\u00fado n\u00e3o est\u00e1 necessariamente completo ou totalmente atualizado. Qualquer informa\u00e7\u00e3o dispon\u00edvel no site MiTuNet. Pode ser alterado a qualquer momento. E a MiTuNet n\u00e3o tem obriga\u00e7\u00e3o de atualizar tais informa\u00e7\u00f5es.<\/p>\n<p>Voc\u00ea tamb\u00e9m reconhece e concorda com isso. Todas as informa\u00e7\u00f5es publicadas em https:\/\/mitunet.com s\u00e3o fornecidas por terceiros. MiTuNet n\u00e3o pode e isenta-se de toda e qualquer responsabilidade relacionada a isso. (i) Precis\u00e3o, integridade, confiabilidade, efici\u00eancia, uso. Ou os resultados do uso de informa\u00e7\u00f5es publicadas no MiTuNet. E voc\u00ea \u00e9 totalmente respons\u00e1vel por quaisquer a\u00e7\u00f5es baseadas no uso de qualquer informa\u00e7\u00e3o publicada em https:\/\/mitunet.com.<\/p>\n<h2>Garantir<\/h2>\n<p>Se qualquer um destes Termos e Condi\u00e7\u00f5es for determinado como inv\u00e1lido, ilegal ou inexequ\u00edvel por qualquer motivo por qualquer tribunal de jurisdi\u00e7\u00e3o competente, ent\u00e3o tais Termos ou Condi\u00e7\u00f5es ser\u00e3o rescindidos, rescindidos e os Termos e Condi\u00e7\u00f5es restantes sobreviver\u00e3o e permanecer\u00e3o em pleno vigor e efeito e continuam a ser vinculados e executados.<\/p>\n<h2>Isen\u00e7\u00e3o de garantias<\/h2>\n<p>Sites que contenham v\u00edrus ou outros c\u00f3digos destrutivos. Voc\u00ea \u00e9 respons\u00e1vel pela implementa\u00e7\u00e3o completa do procedimento de inspe\u00e7\u00e3o. Para atender a requisitos espec\u00edficos para proteg\u00ea-lo contra v\u00edrus e programas destrutivos.<\/p>\n<h2>Resolva o problema<\/h2>\n<p>Se voc\u00ea violar estas Condi\u00e7\u00f5es de Uso e n\u00f3s n\u00e3o tomarmos nenhuma a\u00e7\u00e3o, ainda teremos o direito de fazer uso de nossos direitos e recursos em qualquer outra situa\u00e7\u00e3o em que voc\u00ea viole as Condi\u00e7\u00f5es.<\/p>\n","protected":false},"excerpt":{"rendered":"<p>A MiTuNet se esfor\u00e7ar\u00e1 para garantir a precis\u00e3o das informa\u00e7\u00f5es listadas neste site, embora n\u00e3o aceite qualquer responsabilidade por qualquer informa\u00e7\u00e3o faltante ou incorreta. Voc\u00ea entende que est\u00e1 usando toda e qualquer informa\u00e7\u00e3o dispon\u00edvel aqui POR SUA CONTA E RISCO. Voc\u00ea deve tomar medidas suficientes para verificar a exatid\u00e3o e integridade de qualquer informa\u00e7\u00e3o no [&hellip;]<\/p>\n","protected":false},"author":1,"featured_media":0,"parent":0,"menu_order":0,"comment_status":"closed","ping_status":"closed","template":"","meta":{"footnotes":""},"class_list":["post-6464","page","type-page","status-publish","hentry"],"yoast_head":"<!-- This site is optimized with the Yoast SEO plugin v25.5 - https:\/\/yoast.com\/wordpress\/plugins\/seo\/ -->\n<title>Acordo de isen\u00e7\u00e3o de responsabilidade MiTuNet | MiTuNet<\/title>\n<meta name=\"description\" content=\"Resumo dos acordos de responsabilidade quando voc\u00ea usa o site, isen\u00e7\u00e3o de responsabilidade legal, leia as informa\u00e7\u00f5es para obter informa\u00e7\u00f5es mais precisas...\" \/>\n<meta name=\"robots\" content=\"index, follow, max-snippet:-1, max-image-preview:large, max-video-preview:-1\" \/>\n<link rel=\"canonical\" href=\"https:\/\/mitunet.com\/pt-pt\/negar-a-responsabilidade\/\" \/>\n<meta property=\"og:locale\" content=\"pt_PT\" \/>\n<meta property=\"og:type\" content=\"article\" \/>\n<meta property=\"og:title\" content=\"Acordo de isen\u00e7\u00e3o de responsabilidade MiTuNet | MiTuNet\" \/>\n<meta property=\"og:description\" content=\"Resumo dos acordos de responsabilidade quando voc\u00ea usa o site, isen\u00e7\u00e3o de responsabilidade legal, leia as informa\u00e7\u00f5es para obter informa\u00e7\u00f5es mais precisas...\" \/>\n<meta property=\"og:url\" content=\"https:\/\/mitunet.com\/pt-pt\/negar-a-responsabilidade\/\" \/>\n<meta property=\"og:site_name\" content=\"MiTuNet\" \/>\n<meta name=\"twitter:card\" content=\"summary_large_image\" \/>\n<meta name=\"twitter:label1\" content=\"Tempo estimado de leitura\" \/>\n\t<meta name=\"twitter:data1\" content=\"8 minutos\" \/>\n<script type=\"application\/ld+json\" class=\"yoast-schema-graph\">{\"@context\":\"https:\/\/schema.org\",\"@graph\":[{\"@type\":\"WebPage\",\"@id\":\"https:\/\/mitunet.com\/pt-pt\/negar-a-responsabilidade\/\",\"url\":\"https:\/\/mitunet.com\/pt-pt\/negar-a-responsabilidade\/\",\"name\":\"Acordo de isen\u00e7\u00e3o de responsabilidade MiTuNet | MiTuNet\",\"isPartOf\":{\"@id\":\"https:\/\/mitunet.com\/pt-pt\/#website\"},\"datePublished\":\"2024-04-10T12:24:19+00:00\",\"description\":\"Resumo dos acordos de responsabilidade quando voc\u00ea usa o site, isen\u00e7\u00e3o de responsabilidade legal, leia as informa\u00e7\u00f5es para obter informa\u00e7\u00f5es mais precisas...\",\"breadcrumb\":{\"@id\":\"https:\/\/mitunet.com\/pt-pt\/negar-a-responsabilidade\/#breadcrumb\"},\"inLanguage\":\"pt-PT\",\"potentialAction\":[{\"@type\":\"ReadAction\",\"target\":[\"https:\/\/mitunet.com\/pt-pt\/negar-a-responsabilidade\/\"]}]},{\"@type\":\"BreadcrumbList\",\"@id\":\"https:\/\/mitunet.com\/pt-pt\/negar-a-responsabilidade\/#breadcrumb\",\"itemListElement\":[{\"@type\":\"ListItem\",\"position\":1,\"name\":\"Trang ch\u1ee7\",\"item\":\"https:\/\/mitunet.com\/pt-pt\/\"},{\"@type\":\"ListItem\",\"position\":2,\"name\":\"Negar a responsabilidade\"}]},{\"@type\":\"WebSite\",\"@id\":\"https:\/\/mitunet.com\/pt-pt\/#website\",\"url\":\"https:\/\/mitunet.com\/pt-pt\/\",\"name\":\"MiTuNet\",\"description\":\"T\u1ed5ng h\u1ee3p c\u00e1c lo\u1ea1i h\u00ecnh m\u1eabu, file m\u1eabu, xem \u1ea3nh m\u1eabu c\u00e1c lo\u1ea1i s\u1ea3n ph\u1ea9m c\u00f3 tr\u00ean \u0111\u1eddi...\",\"publisher\":{\"@id\":\"https:\/\/mitunet.com\/pt-pt\/#organization\"},\"potentialAction\":[{\"@type\":\"SearchAction\",\"target\":{\"@type\":\"EntryPoint\",\"urlTemplate\":\"https:\/\/mitunet.com\/pt-pt\/?s={search_term_string}\"},\"query-input\":{\"@type\":\"PropertyValueSpecification\",\"valueRequired\":true,\"valueName\":\"search_term_string\"}}],\"inLanguage\":\"pt-PT\"},{\"@type\":\"Organization\",\"@id\":\"https:\/\/mitunet.com\/pt-pt\/#organization\",\"name\":\"MiTuNet\",\"url\":\"https:\/\/mitunet.com\/pt-pt\/\",\"logo\":{\"@type\":\"ImageObject\",\"inLanguage\":\"pt-PT\",\"@id\":\"https:\/\/mitunet.com\/pt-pt\/#\/schema\/logo\/image\/\",\"url\":\"https:\/\/mitunet.com\/wp-content\/uploads\/2024\/03\/logo.png\",\"contentUrl\":\"https:\/\/mitunet.com\/wp-content\/uploads\/2024\/03\/logo.png\",\"width\":350,\"height\":65,\"caption\":\"MiTuNet\"},\"image\":{\"@id\":\"https:\/\/mitunet.com\/pt-pt\/#\/schema\/logo\/image\/\"}}]}<\/script>\n<!-- \/ Yoast SEO plugin. -->","yoast_head_json":{"title":"Acordo de isen\u00e7\u00e3o de responsabilidade MiTuNet | MiTuNet","description":"Resumo dos acordos de responsabilidade quando voc\u00ea usa o site, isen\u00e7\u00e3o de responsabilidade legal, leia as informa\u00e7\u00f5es para obter informa\u00e7\u00f5es mais precisas...","robots":{"index":"index","follow":"follow","max-snippet":"max-snippet:-1","max-image-preview":"max-image-preview:large","max-video-preview":"max-video-preview:-1"},"canonical":"https:\/\/mitunet.com\/pt-pt\/negar-a-responsabilidade\/","og_locale":"pt_PT","og_type":"article","og_title":"Acordo de isen\u00e7\u00e3o de responsabilidade MiTuNet | MiTuNet","og_description":"Resumo dos acordos de responsabilidade quando voc\u00ea usa o site, isen\u00e7\u00e3o de responsabilidade legal, leia as informa\u00e7\u00f5es para obter informa\u00e7\u00f5es mais precisas...","og_url":"https:\/\/mitunet.com\/pt-pt\/negar-a-responsabilidade\/","og_site_name":"MiTuNet","twitter_card":"summary_large_image","twitter_misc":{"Tempo estimado de leitura":"8 minutos"},"schema":{"@context":"https:\/\/schema.org","@graph":[{"@type":"WebPage","@id":"https:\/\/mitunet.com\/pt-pt\/negar-a-responsabilidade\/","url":"https:\/\/mitunet.com\/pt-pt\/negar-a-responsabilidade\/","name":"Acordo de isen\u00e7\u00e3o de responsabilidade MiTuNet | MiTuNet","isPartOf":{"@id":"https:\/\/mitunet.com\/pt-pt\/#website"},"datePublished":"2024-04-10T12:24:19+00:00","description":"Resumo dos acordos de responsabilidade quando voc\u00ea usa o site, isen\u00e7\u00e3o de responsabilidade legal, leia as informa\u00e7\u00f5es para obter informa\u00e7\u00f5es mais precisas...","breadcrumb":{"@id":"https:\/\/mitunet.com\/pt-pt\/negar-a-responsabilidade\/#breadcrumb"},"inLanguage":"pt-PT","potentialAction":[{"@type":"ReadAction","target":["https:\/\/mitunet.com\/pt-pt\/negar-a-responsabilidade\/"]}]},{"@type":"BreadcrumbList","@id":"https:\/\/mitunet.com\/pt-pt\/negar-a-responsabilidade\/#breadcrumb","itemListElement":[{"@type":"ListItem","position":1,"name":"Trang ch\u1ee7","item":"https:\/\/mitunet.com\/pt-pt\/"},{"@type":"ListItem","position":2,"name":"Negar a responsabilidade"}]},{"@type":"WebSite","@id":"https:\/\/mitunet.com\/pt-pt\/#website","url":"https:\/\/mitunet.com\/pt-pt\/","name":"MiTuNet","description":"T\u1ed5ng h\u1ee3p c\u00e1c lo\u1ea1i h\u00ecnh m\u1eabu, file m\u1eabu, xem \u1ea3nh m\u1eabu c\u00e1c lo\u1ea1i s\u1ea3n ph\u1ea9m c\u00f3 tr\u00ean \u0111\u1eddi...","publisher":{"@id":"https:\/\/mitunet.com\/pt-pt\/#organization"},"potentialAction":[{"@type":"SearchAction","target":{"@type":"EntryPoint","urlTemplate":"https:\/\/mitunet.com\/pt-pt\/?s={search_term_string}"},"query-input":{"@type":"PropertyValueSpecification","valueRequired":true,"valueName":"search_term_string"}}],"inLanguage":"pt-PT"},{"@type":"Organization","@id":"https:\/\/mitunet.com\/pt-pt\/#organization","name":"MiTuNet","url":"https:\/\/mitunet.com\/pt-pt\/","logo":{"@type":"ImageObject","inLanguage":"pt-PT","@id":"https:\/\/mitunet.com\/pt-pt\/#\/schema\/logo\/image\/","url":"https:\/\/mitunet.com\/wp-content\/uploads\/2024\/03\/logo.png","contentUrl":"https:\/\/mitunet.com\/wp-content\/uploads\/2024\/03\/logo.png","width":350,"height":65,"caption":"MiTuNet"},"image":{"@id":"https:\/\/mitunet.com\/pt-pt\/#\/schema\/logo\/image\/"}}]}},"_links":{"self":[{"href":"https:\/\/mitunet.com\/pt-pt\/wp-json\/wp\/v2\/pages\/6464","targetHints":{"allow":["GET"]}}],"collection":[{"href":"https:\/\/mitunet.com\/pt-pt\/wp-json\/wp\/v2\/pages"}],"about":[{"href":"https:\/\/mitunet.com\/pt-pt\/wp-json\/wp\/v2\/types\/page"}],"author":[{"embeddable":true,"href":"https:\/\/mitunet.com\/pt-pt\/wp-json\/wp\/v2\/users\/1"}],"replies":[{"embeddable":true,"href":"https:\/\/mitunet.com\/pt-pt\/wp-json\/wp\/v2\/comments?post=6464"}],"version-history":[{"count":0,"href":"https:\/\/mitunet.com\/pt-pt\/wp-json\/wp\/v2\/pages\/6464\/revisions"}],"wp:attachment":[{"href":"https:\/\/mitunet.com\/pt-pt\/wp-json\/wp\/v2\/media?parent=6464"}],"curies":[{"name":"wp","href":"https:\/\/api.w.org\/{rel}","templated":true}]}}