{"id":1298,"date":"2023-12-02T17:33:28","date_gmt":"2023-12-02T10:33:28","guid":{"rendered":"https:\/\/topmau.com\/?page_id=1298"},"modified":"2024-03-03T20:48:06","modified_gmt":"2024-03-03T13:48:06","slug":"san-pham","status":"publish","type":"page","link":"https:\/\/mitunet.com\/vi\/san-pham\/","title":{"rendered":"S\u1ea3n Ph\u1ea9m"},"content":{"rendered":"\r\n<h2 class=\"has-text-align-center zero-margin-bottom wp-block-heading\" style=\"font-style: italic; font-weight: 900;\">Ch\u1ecdn Mua G\u00ec C\u0169ng C\u00f3..!<\/h2>\r\n\r\n\r\n\r\n<p>V\u1edbi mong mu\u1ed1n gi\u00fap t\u1ea5t c\u1ea3 m\u1ecdi ng\u01b0\u1eddi l\u1ef1a ch\u1ecdn \u0111\u01b0\u1ee3c s\u1ea3n ph\u1ea9m t\u1ed1t, ch\u1ea5t l\u01b0\u1ee3ng t\u1ed1t, \u0111\u01b0\u1ee3c mua s\u1ea3n ph\u1ea9m ch\u00ednh h\u00e3ng t\u1eeb nh\u00e0 cung c\u1ea5p. MiTuNet lu\u00f4n ki\u1ec3m tra v\u00e0 c\u1eadp nh\u1eadt c\u00e1c lo\u1ea1i s\u1ea3n ph\u1ea9m ch\u1ea5t l\u01b0\u1ee3ng, \u0111\u01b0\u1ee3c kh\u00e1ch h\u00e0ng \u0111\u00e1nh gi\u00e1 cao v\u1ec1 ch\u1ea5t l\u01b0\u1ee3ng s\u1ea3n ph\u1ea9m.<\/p>\r\n<p>C\u00e1c lo\u1ea1i s\u1ea3n ph\u1ea9m m\u00e0 ch\u00fang t\u00f4i cung c\u1ea5p m\u1eabu, th\u01b0\u1eddng \u0111\u01b0\u1ee3c ch\u00fang t\u00f4i xem k\u1ef9 v\u1ec1 \u0111\u00e1nh gi\u00e1 c\u1ee7a ng\u01b0\u1eddi d\u00f9ng \u0111\u00e3 t\u1eebng mua s\u1eafm. B\u00ean c\u1ea1nh \u0111\u00f3, ch\u00fang t\u00f4i c\u0169ng ki\u1ec3m tra v\u1ec1 \u0111\u1ed9 uy t\u00edn c\u1ee7a c\u00e1c shop ho\u1eb7c gian h\u00e0ng b\u00e1n b\u1eb1ng c\u00e1c th\u00f4ng s\u1ed1, b\u00ecnh lu\u1eadn c\u1ee7a ng\u01b0\u1eddi d\u00f9ng.<\/p>\r\n<p>Hy v\u1ecdng nh\u1eefng s\u1ea3n ph\u1ea9m m\u1eabu m\u00e0 ch\u00fang t\u00f4i cung c\u1ea5p s\u1ebd gi\u00fap qu\u00fd kh\u00e1ch c\u00f3 s\u1ef1 l\u1ef1a ch\u1ecdn \u0111\u00fang v\u1ec1 s\u1ea3n ph\u1ea9m. Qu\u00fd kh\u00e1ch c\u00f3 n\u1ed9i dung c\u1ea7n trao \u0111\u1ed5i, h\u00e3y li\u00ean h\u1ec7 v\u1edbi MiTuNet qua th\u00f4ng tin li\u00ean h\u1ec7 tr\u00ean website nh\u00e9..!<\/p>\r\n<h2 class=\"has-text-align-center zero-margin-bottom\" style=\"font-style: italic; font-weight: 900;\">Top Th\u01b0\u01a1ng Hi\u1ec7u M\u1edbi C\u1eadp Nh\u1eadt<\/h2>\r\n<p>Danh s\u00e1ch nh\u1eefng th\u01b0\u01a1ng hi\u1ec7u \u0111\u01b0\u1ee3c MiTuNet c\u1eadp nh\u1eadt m\u1edbi nh\u1ea5t, xem c\u00e1c th\u01b0\u01a1ng hi\u1ec7u theo ng\u00e0nh ngh\u1ec1&#8230;<\/p>\r\n\r\n\t<div class=\"space-shortcode-wrap space-units-shortcode-1 relative relative\">\r\n\t\t<div class=\"space-shortcode-wrap-ins relative\">\r\n\r\n\t\t\t\r\n\t\t\t<div class=\"space-units-archive-items box-100 relative\">\r\n\r\n\t\t\t\t\r\n\t\t\t\t<div class=\"space-units-archive-item box-25 relative\">\r\n\t\t\t\t\t<div class=\"space-units-archive-item-ins relative\">\r\n\t\t\t\t\t\t\t\t\t\t\t\t\t<div class=\"space-units-archive-item-img relative\">\r\n\t\t\t\t\t\t\t\t<a href=\"https:\/\/mitunet.com\/vi\/profile\/viet-tien\/\" title=\"Vi\u1ec7t Ti\u1ebfn\">\r\n\t\t\t\t\t\t\t\t\t<img loading=\"lazy\" decoding=\"async\" width=\"450\" height=\"317\" src=\"https:\/\/mitunet.com\/wp-content\/uploads\/2023\/12\/viet-tien-450x317.jpg\" class=\"attachment-mercury-450-317 size-mercury-450-317\" alt=\"Vi\u1ec7t Ti\u1ebfn\" \/>\t\t\t\t\t\t\t\t<\/a>\r\n\t\t\t\t\t\t\t<\/div>\r\n\t\t\t\t\t\t\t\t\t\t\t\t<div class=\"space-units-archive-item-wrap text-center relative\">\r\n\t\t\t\t\t\t\t<div class=\"space-units-archive-item-title relative\">\r\n\t\t\t\t\t\t\t\t<a href=\"https:\/\/mitunet.com\/vi\/profile\/viet-tien\/\" title=\"Vi\u1ec7t Ti\u1ebfn\">Vi\u1ec7t Ti\u1ebfn<\/a>\r\n\t\t\t\t\t\t\t<\/div>\r\n\r\n\t\t\t\t\t\t\t\r\n\t\t\t\t\t\t\t<div class=\"space-units-archive-item-button relative\">\r\n\t\t\t\t\t\t\t\t<a href=\"https:\/\/shope.ee\/1fscDFaGGt\" title=\"Xem &amp; Mua\" target=\"_blank\" rel=\"nofollow\">Xem &amp; Mua<\/a>\r\n\t\t\t\t\t\t\t<\/div>\r\n\r\n\t\t\t\t\t\t\t\r\n\t\t\t\t\t\t\t\t\t\t\t\t\t\r\n\t\t\t\t\t\t<\/div>\r\n\t\t\t\t\t<\/div>\r\n\t\t\t\t<\/div>\r\n\r\n\t\t\t\t\r\n\t\t\t\t<div class=\"space-units-archive-item box-25 relative\">\r\n\t\t\t\t\t<div class=\"space-units-archive-item-ins relative\">\r\n\t\t\t\t\t\t\t\t\t\t\t\t\t<div class=\"space-units-archive-item-img relative\">\r\n\t\t\t\t\t\t\t\t<a href=\"https:\/\/mitunet.com\/vi\/profile\/ohui\/\" title=\"OHUI\">\r\n\t\t\t\t\t\t\t\t\t<img loading=\"lazy\" decoding=\"async\" width=\"450\" height=\"317\" src=\"https:\/\/mitunet.com\/wp-content\/uploads\/2023\/12\/ohui-450x317.jpg\" class=\"attachment-mercury-450-317 size-mercury-450-317\" alt=\"OHUI\" \/>\t\t\t\t\t\t\t\t<\/a>\r\n\t\t\t\t\t\t\t<\/div>\r\n\t\t\t\t\t\t\t\t\t\t\t\t<div class=\"space-units-archive-item-wrap text-center relative\">\r\n\t\t\t\t\t\t\t<div class=\"space-units-archive-item-title relative\">\r\n\t\t\t\t\t\t\t\t<a href=\"https:\/\/mitunet.com\/vi\/profile\/ohui\/\" title=\"OHUI\">OHUI<\/a>\r\n\t\t\t\t\t\t\t<\/div>\r\n\r\n\t\t\t\t\t\t\t\r\n\t\t\t\t\t\t\t<div class=\"space-units-archive-item-button relative\">\r\n\t\t\t\t\t\t\t\t<a href=\"https:\/\/shope.ee\/3px5H9PvBF\" title=\"Xem &amp; Mua\" target=\"_blank\" rel=\"nofollow\">Xem &amp; Mua<\/a>\r\n\t\t\t\t\t\t\t<\/div>\r\n\r\n\t\t\t\t\t\t\t\r\n\t\t\t\t\t\t\t\t\t\t\t\t\t\r\n\t\t\t\t\t\t<\/div>\r\n\t\t\t\t\t<\/div>\r\n\t\t\t\t<\/div>\r\n\r\n\t\t\t\t\r\n\t\t\t\t<div class=\"space-units-archive-item box-25 relative\">\r\n\t\t\t\t\t<div class=\"space-units-archive-item-ins relative\">\r\n\t\t\t\t\t\t\t\t\t\t\t\t\t<div class=\"space-units-archive-item-img relative\">\r\n\t\t\t\t\t\t\t\t<a href=\"https:\/\/mitunet.com\/vi\/profile\/kangaroo\/\" title=\"Kangaroo\">\r\n\t\t\t\t\t\t\t\t\t<img loading=\"lazy\" decoding=\"async\" width=\"450\" height=\"317\" src=\"https:\/\/mitunet.com\/wp-content\/uploads\/2023\/12\/Kangaroo-450x317.jpg\" class=\"attachment-mercury-450-317 size-mercury-450-317\" alt=\"Kangaroo\" \/>\t\t\t\t\t\t\t\t<\/a>\r\n\t\t\t\t\t\t\t<\/div>\r\n\t\t\t\t\t\t\t\t\t\t\t\t<div class=\"space-units-archive-item-wrap text-center relative\">\r\n\t\t\t\t\t\t\t<div class=\"space-units-archive-item-title relative\">\r\n\t\t\t\t\t\t\t\t<a href=\"https:\/\/mitunet.com\/vi\/profile\/kangaroo\/\" title=\"Kangaroo\">Kangaroo<\/a>\r\n\t\t\t\t\t\t\t<\/div>\r\n\r\n\t\t\t\t\t\t\t\r\n\t\t\t\t\t\t\t<div class=\"space-units-archive-item-button relative\">\r\n\t\t\t\t\t\t\t\t<a href=\"https:\/\/shope.ee\/8f2L0ZZY8o\" title=\"Xem &amp; Mua\" target=\"_blank\" rel=\"nofollow\">Xem &amp; Mua<\/a>\r\n\t\t\t\t\t\t\t<\/div>\r\n\r\n\t\t\t\t\t\t\t\r\n\t\t\t\t\t\t\t\t\t\t\t\t\t\r\n\t\t\t\t\t\t<\/div>\r\n\t\t\t\t\t<\/div>\r\n\t\t\t\t<\/div>\r\n\r\n\t\t\t\t\r\n\t\t\t\t<div class=\"space-units-archive-item box-25 relative\">\r\n\t\t\t\t\t<div class=\"space-units-archive-item-ins relative\">\r\n\t\t\t\t\t\t\t\t\t\t\t\t\t<div class=\"space-units-archive-item-img relative\">\r\n\t\t\t\t\t\t\t\t<a href=\"https:\/\/mitunet.com\/vi\/profile\/shiseido\/\" title=\"Shiseido\">\r\n\t\t\t\t\t\t\t\t\t<img loading=\"lazy\" decoding=\"async\" width=\"450\" height=\"317\" src=\"https:\/\/mitunet.com\/wp-content\/uploads\/2023\/12\/Shiseido-450x317.jpg\" class=\"attachment-mercury-450-317 size-mercury-450-317\" alt=\"Shiseido\" \/>\t\t\t\t\t\t\t\t<\/a>\r\n\t\t\t\t\t\t\t<\/div>\r\n\t\t\t\t\t\t\t\t\t\t\t\t<div class=\"space-units-archive-item-wrap text-center relative\">\r\n\t\t\t\t\t\t\t<div class=\"space-units-archive-item-title relative\">\r\n\t\t\t\t\t\t\t\t<a href=\"https:\/\/mitunet.com\/vi\/profile\/shiseido\/\" title=\"Shiseido\">Shiseido<\/a>\r\n\t\t\t\t\t\t\t<\/div>\r\n\r\n\t\t\t\t\t\t\t\r\n\t\t\t\t\t\t\t<div class=\"space-units-archive-item-button relative\">\r\n\t\t\t\t\t\t\t\t<a href=\"https:\/\/shope.ee\/30NyEA196G\" title=\"Xem &amp; Mua\" target=\"_blank\" rel=\"nofollow\">Xem &amp; Mua<\/a>\r\n\t\t\t\t\t\t\t<\/div>\r\n\r\n\t\t\t\t\t\t\t\r\n\t\t\t\t\t\t\t\t\t\t\t\t\t\r\n\t\t\t\t\t\t<\/div>\r\n\t\t\t\t\t<\/div>\r\n\t\t\t\t<\/div>\r\n\r\n\t\t\t\t\r\n\t\t\t\t<div class=\"space-units-archive-item box-25 relative\">\r\n\t\t\t\t\t<div class=\"space-units-archive-item-ins relative\">\r\n\t\t\t\t\t\t\t\t\t\t\t\t\t<div class=\"space-units-archive-item-img relative\">\r\n\t\t\t\t\t\t\t\t<a href=\"https:\/\/mitunet.com\/vi\/profile\/vichy\/\" title=\"Vichy\">\r\n\t\t\t\t\t\t\t\t\t<img loading=\"lazy\" decoding=\"async\" width=\"450\" height=\"317\" src=\"https:\/\/mitunet.com\/wp-content\/uploads\/2023\/12\/Vichy-450x317.jpg\" class=\"attachment-mercury-450-317 size-mercury-450-317\" alt=\"Vichy\" \/>\t\t\t\t\t\t\t\t<\/a>\r\n\t\t\t\t\t\t\t<\/div>\r\n\t\t\t\t\t\t\t\t\t\t\t\t<div class=\"space-units-archive-item-wrap text-center relative\">\r\n\t\t\t\t\t\t\t<div class=\"space-units-archive-item-title relative\">\r\n\t\t\t\t\t\t\t\t<a href=\"https:\/\/mitunet.com\/vi\/profile\/vichy\/\" title=\"Vichy\">Vichy<\/a>\r\n\t\t\t\t\t\t\t<\/div>\r\n\r\n\t\t\t\t\t\t\t\r\n\t\t\t\t\t\t\t<div class=\"space-units-archive-item-button relative\">\r\n\t\t\t\t\t\t\t\t<a href=\"https:\/\/shope.ee\/kMeGDShF\" title=\"Xem &amp; Mua\" target=\"_blank\" rel=\"nofollow\">Xem &amp; Mua<\/a>\r\n\t\t\t\t\t\t\t<\/div>\r\n\r\n\t\t\t\t\t\t\t\r\n\t\t\t\t\t\t\t\t\t\t\t\t\t\r\n\t\t\t\t\t\t<\/div>\r\n\t\t\t\t\t<\/div>\r\n\t\t\t\t<\/div>\r\n\r\n\t\t\t\t\r\n\t\t\t\t<div class=\"space-units-archive-item box-25 relative\">\r\n\t\t\t\t\t<div class=\"space-units-archive-item-ins relative\">\r\n\t\t\t\t\t\t\t\t\t\t\t\t\t<div class=\"space-units-archive-item-img relative\">\r\n\t\t\t\t\t\t\t\t<a href=\"https:\/\/mitunet.com\/vi\/profile\/skinceuticals\/\" title=\"SkinCeuticals\">\r\n\t\t\t\t\t\t\t\t\t<img loading=\"lazy\" decoding=\"async\" width=\"450\" height=\"317\" src=\"https:\/\/mitunet.com\/wp-content\/uploads\/2023\/12\/SkinCeuticals-450x317.jpg\" class=\"attachment-mercury-450-317 size-mercury-450-317\" alt=\"SkinCeuticals\" \/>\t\t\t\t\t\t\t\t<\/a>\r\n\t\t\t\t\t\t\t<\/div>\r\n\t\t\t\t\t\t\t\t\t\t\t\t<div class=\"space-units-archive-item-wrap text-center relative\">\r\n\t\t\t\t\t\t\t<div class=\"space-units-archive-item-title relative\">\r\n\t\t\t\t\t\t\t\t<a href=\"https:\/\/mitunet.com\/vi\/profile\/skinceuticals\/\" title=\"SkinCeuticals\">SkinCeuticals<\/a>\r\n\t\t\t\t\t\t\t<\/div>\r\n\r\n\t\t\t\t\t\t\t\r\n\t\t\t\t\t\t\t<div class=\"space-units-archive-item-button relative\">\r\n\t\t\t\t\t\t\t\t<a href=\"https:\/\/shope.ee\/4KtLnlmCz4\" title=\"Xem &amp; Mua\" target=\"_blank\" rel=\"nofollow\">Xem &amp; Mua<\/a>\r\n\t\t\t\t\t\t\t<\/div>\r\n\r\n\t\t\t\t\t\t\t\r\n\t\t\t\t\t\t\t\t\t\t\t\t\t\r\n\t\t\t\t\t\t<\/div>\r\n\t\t\t\t\t<\/div>\r\n\t\t\t\t<\/div>\r\n\r\n\t\t\t\t\r\n\t\t\t\t<div class=\"space-units-archive-item box-25 relative\">\r\n\t\t\t\t\t<div class=\"space-units-archive-item-ins relative\">\r\n\t\t\t\t\t\t\t\t\t\t\t\t\t<div class=\"space-units-archive-item-img relative\">\r\n\t\t\t\t\t\t\t\t<a href=\"https:\/\/mitunet.com\/vi\/profile\/cerave\/\" title=\"CeraVe\">\r\n\t\t\t\t\t\t\t\t\t<img loading=\"lazy\" decoding=\"async\" width=\"450\" height=\"317\" src=\"https:\/\/mitunet.com\/wp-content\/uploads\/2023\/12\/CeraVe-450x317.jpg\" class=\"attachment-mercury-450-317 size-mercury-450-317\" alt=\"CeraVe\" \/>\t\t\t\t\t\t\t\t<\/a>\r\n\t\t\t\t\t\t\t<\/div>\r\n\t\t\t\t\t\t\t\t\t\t\t\t<div class=\"space-units-archive-item-wrap text-center relative\">\r\n\t\t\t\t\t\t\t<div class=\"space-units-archive-item-title relative\">\r\n\t\t\t\t\t\t\t\t<a href=\"https:\/\/mitunet.com\/vi\/profile\/cerave\/\" title=\"CeraVe\">CeraVe<\/a>\r\n\t\t\t\t\t\t\t<\/div>\r\n\r\n\t\t\t\t\t\t\t\r\n\t\t\t\t\t\t\t<div class=\"space-units-archive-item-button relative\">\r\n\t\t\t\t\t\t\t\t<a href=\"https:\/\/shope.ee\/6UxqNDvYJy\" title=\"Xem &amp; Mua\" target=\"_blank\" rel=\"nofollow\">Xem &amp; Mua<\/a>\r\n\t\t\t\t\t\t\t<\/div>\r\n\r\n\t\t\t\t\t\t\t\r\n\t\t\t\t\t\t\t\t\t\t\t\t\t\r\n\t\t\t\t\t\t<\/div>\r\n\t\t\t\t\t<\/div>\r\n\t\t\t\t<\/div>\r\n\r\n\t\t\t\t\r\n\t\t\t\t<div class=\"space-units-archive-item box-25 relative\">\r\n\t\t\t\t\t<div class=\"space-units-archive-item-ins relative\">\r\n\t\t\t\t\t\t\t\t\t\t\t\t\t<div class=\"space-units-archive-item-img relative\">\r\n\t\t\t\t\t\t\t\t<a href=\"https:\/\/mitunet.com\/vi\/profile\/sunhouse\/\" title=\"Sunhouse\">\r\n\t\t\t\t\t\t\t\t\t<img loading=\"lazy\" decoding=\"async\" width=\"450\" height=\"317\" src=\"https:\/\/mitunet.com\/wp-content\/uploads\/2023\/12\/Sunhouse-450x317.jpg\" class=\"attachment-mercury-450-317 size-mercury-450-317\" alt=\"Sunhouse\" \/>\t\t\t\t\t\t\t\t<\/a>\r\n\t\t\t\t\t\t\t<\/div>\r\n\t\t\t\t\t\t\t\t\t\t\t\t<div class=\"space-units-archive-item-wrap text-center relative\">\r\n\t\t\t\t\t\t\t<div class=\"space-units-archive-item-title relative\">\r\n\t\t\t\t\t\t\t\t<a href=\"https:\/\/mitunet.com\/vi\/profile\/sunhouse\/\" title=\"Sunhouse\">Sunhouse<\/a>\r\n\t\t\t\t\t\t\t<\/div>\r\n\r\n\t\t\t\t\t\t\t\r\n\t\t\t\t\t\t\t<div class=\"space-units-archive-item-button relative\">\r\n\t\t\t\t\t\t\t\t<a href=\"https:\/\/shope.ee\/8zfBI3IxlL\" title=\"Xem &amp; Mua\" target=\"_blank\" rel=\"nofollow\">Xem &amp; Mua<\/a>\r\n\t\t\t\t\t\t\t<\/div>\r\n\r\n\t\t\t\t\t\t\t\r\n\t\t\t\t\t\t\t\t\t\t\t\t\t\r\n\t\t\t\t\t\t<\/div>\r\n\t\t\t\t\t<\/div>\r\n\t\t\t\t<\/div>\r\n\r\n\t\t\t\t\r\n\t\t\t<\/div>\r\n\t\t\r\n\t\t<\/div>\r\n\t<\/div>\r\n\r\n\r\n","protected":false},"excerpt":{"rendered":"<p>Ch\u1ecdn Mua G\u00ec C\u0169ng C\u00f3..! V\u1edbi mong mu\u1ed1n gi\u00fap t\u1ea5t c\u1ea3 m\u1ecdi ng\u01b0\u1eddi l\u1ef1a ch\u1ecdn \u0111\u01b0\u1ee3c s\u1ea3n ph\u1ea9m t\u1ed1t, ch\u1ea5t l\u01b0\u1ee3ng t\u1ed1t, \u0111\u01b0\u1ee3c mua s\u1ea3n ph\u1ea9m ch\u00ednh h\u00e3ng t\u1eeb nh\u00e0 cung c\u1ea5p. MiTuNet lu\u00f4n ki\u1ec3m tra v\u00e0 c\u1eadp nh\u1eadt c\u00e1c lo\u1ea1i s\u1ea3n ph\u1ea9m ch\u1ea5t l\u01b0\u1ee3ng, \u0111\u01b0\u1ee3c kh\u00e1ch h\u00e0ng \u0111\u00e1nh gi\u00e1 cao v\u1ec1 ch\u1ea5t l\u01b0\u1ee3ng s\u1ea3n [&hellip;]<\/p>\n","protected":false},"author":1,"featured_media":0,"parent":0,"menu_order":0,"comment_status":"closed","ping_status":"closed","template":"page-casino-archive-style-1.php","meta":{"footnotes":""},"class_list":["post-1298","page","type-page","status-publish","hentry"],"yoast_head":"<!-- This site is optimized with the Yoast SEO plugin v25.5 - https:\/\/yoast.com\/wordpress\/plugins\/seo\/ -->\n<title>Nh\u1eefng s\u1ea3n ph\u1ea9m cao c\u1ea5p \u0111\u01b0\u1ee3c ch\u1ecdn l\u1ecdc gi\u00fap b\u1ea1n mua h\u00e0ng ch\u1ea5t l\u01b0\u1ee3ng, gi\u00e1 t\u1ed1t | MiTuNet<\/title>\n<meta name=\"description\" content=\"T\u1ed5ng h\u1ee3p m\u1eabu s\u1ea3n ph\u1ea9m \u0111\u01b0\u1ee3c \u0111\u00e1nh gi\u00e1 cao v\u1ec1 ch\u1ea5t l\u01b0\u1ee3ng, \u0111\u00e1nh gi\u00e1 cao v\u1ec1 ng\u01b0\u1eddi d\u00f9ng, ch\u1ecdn mua s\u1ea3n ph\u1ea9m \u0111\u1eb9p m\u00e0 gi\u00e1 r\u1ebb, ch\u1ecdn mua h\u00e0ng ch\u00ednh h\u00e3ng, gian h\u00e0ng uy t\u00edn...\" \/>\n<meta name=\"robots\" content=\"index, follow, max-snippet:-1, max-image-preview:large, max-video-preview:-1\" \/>\n<link rel=\"canonical\" href=\"https:\/\/mitunet.com\/vi\/san-pham\/\" \/>\n<meta property=\"og:locale\" content=\"vi_VN\" \/>\n<meta property=\"og:type\" content=\"article\" \/>\n<meta property=\"og:title\" content=\"Nh\u1eefng s\u1ea3n ph\u1ea9m cao c\u1ea5p \u0111\u01b0\u1ee3c ch\u1ecdn l\u1ecdc gi\u00fap b\u1ea1n mua h\u00e0ng ch\u1ea5t l\u01b0\u1ee3ng, gi\u00e1 t\u1ed1t | MiTuNet\" \/>\n<meta property=\"og:description\" content=\"T\u1ed5ng h\u1ee3p m\u1eabu s\u1ea3n ph\u1ea9m \u0111\u01b0\u1ee3c \u0111\u00e1nh gi\u00e1 cao v\u1ec1 ch\u1ea5t l\u01b0\u1ee3ng, \u0111\u00e1nh gi\u00e1 cao v\u1ec1 ng\u01b0\u1eddi d\u00f9ng, ch\u1ecdn mua s\u1ea3n ph\u1ea9m \u0111\u1eb9p m\u00e0 gi\u00e1 r\u1ebb, ch\u1ecdn mua h\u00e0ng ch\u00ednh h\u00e3ng, gian h\u00e0ng uy t\u00edn...\" \/>\n<meta property=\"og:url\" content=\"https:\/\/mitunet.com\/vi\/san-pham\/\" \/>\n<meta property=\"og:site_name\" content=\"MiTuNet\" \/>\n<meta property=\"article:modified_time\" content=\"2024-03-03T13:48:06+00:00\" \/>\n<meta name=\"twitter:card\" content=\"summary_large_image\" \/>\n<meta name=\"twitter:label1\" content=\"Est. reading time\" \/>\n\t<meta name=\"twitter:data1\" content=\"2 minutes\" \/>\n<script type=\"application\/ld+json\" class=\"yoast-schema-graph\">{\"@context\":\"https:\/\/schema.org\",\"@graph\":[{\"@type\":\"WebPage\",\"@id\":\"https:\/\/mitunet.com\/vi\/san-pham\/\",\"url\":\"https:\/\/mitunet.com\/vi\/san-pham\/\",\"name\":\"Nh\u1eefng s\u1ea3n ph\u1ea9m cao c\u1ea5p \u0111\u01b0\u1ee3c ch\u1ecdn l\u1ecdc gi\u00fap b\u1ea1n mua h\u00e0ng ch\u1ea5t l\u01b0\u1ee3ng, gi\u00e1 t\u1ed1t | MiTuNet\",\"isPartOf\":{\"@id\":\"https:\/\/mitunet.com\/vi\/#website\"},\"datePublished\":\"2023-12-02T10:33:28+00:00\",\"dateModified\":\"2024-03-03T13:48:06+00:00\",\"description\":\"T\u1ed5ng h\u1ee3p m\u1eabu s\u1ea3n ph\u1ea9m \u0111\u01b0\u1ee3c \u0111\u00e1nh gi\u00e1 cao v\u1ec1 ch\u1ea5t l\u01b0\u1ee3ng, \u0111\u00e1nh gi\u00e1 cao v\u1ec1 ng\u01b0\u1eddi d\u00f9ng, ch\u1ecdn mua s\u1ea3n ph\u1ea9m \u0111\u1eb9p m\u00e0 gi\u00e1 r\u1ebb, ch\u1ecdn mua h\u00e0ng ch\u00ednh h\u00e3ng, gian h\u00e0ng uy t\u00edn...\",\"breadcrumb\":{\"@id\":\"https:\/\/mitunet.com\/vi\/san-pham\/#breadcrumb\"},\"inLanguage\":\"vi-VN\",\"potentialAction\":[{\"@type\":\"ReadAction\",\"target\":[\"https:\/\/mitunet.com\/vi\/san-pham\/\"]}]},{\"@type\":\"BreadcrumbList\",\"@id\":\"https:\/\/mitunet.com\/vi\/san-pham\/#breadcrumb\",\"itemListElement\":[{\"@type\":\"ListItem\",\"position\":1,\"name\":\"Trang ch\u1ee7\",\"item\":\"https:\/\/mitunet.com\/vi\/\"},{\"@type\":\"ListItem\",\"position\":2,\"name\":\"S\u1ea3n Ph\u1ea9m\"}]},{\"@type\":\"WebSite\",\"@id\":\"https:\/\/mitunet.com\/vi\/#website\",\"url\":\"https:\/\/mitunet.com\/vi\/\",\"name\":\"MiTuNet\",\"description\":\"T\u1ed5ng h\u1ee3p c\u00e1c lo\u1ea1i h\u00ecnh m\u1eabu, file m\u1eabu, xem \u1ea3nh m\u1eabu c\u00e1c lo\u1ea1i s\u1ea3n ph\u1ea9m c\u00f3 tr\u00ean \u0111\u1eddi...\",\"publisher\":{\"@id\":\"https:\/\/mitunet.com\/vi\/#organization\"},\"potentialAction\":[{\"@type\":\"SearchAction\",\"target\":{\"@type\":\"EntryPoint\",\"urlTemplate\":\"https:\/\/mitunet.com\/vi\/?s={search_term_string}\"},\"query-input\":{\"@type\":\"PropertyValueSpecification\",\"valueRequired\":true,\"valueName\":\"search_term_string\"}}],\"inLanguage\":\"vi-VN\"},{\"@type\":\"Organization\",\"@id\":\"https:\/\/mitunet.com\/vi\/#organization\",\"name\":\"MiTuNet\",\"url\":\"https:\/\/mitunet.com\/vi\/\",\"logo\":{\"@type\":\"ImageObject\",\"inLanguage\":\"vi-VN\",\"@id\":\"https:\/\/mitunet.com\/vi\/#\/schema\/logo\/image\/\",\"url\":\"https:\/\/mitunet.com\/wp-content\/uploads\/2024\/03\/logo.png\",\"contentUrl\":\"https:\/\/mitunet.com\/wp-content\/uploads\/2024\/03\/logo.png\",\"width\":350,\"height\":65,\"caption\":\"MiTuNet\"},\"image\":{\"@id\":\"https:\/\/mitunet.com\/vi\/#\/schema\/logo\/image\/\"}}]}<\/script>\n<!-- \/ Yoast SEO plugin. -->","yoast_head_json":{"title":"Nh\u1eefng s\u1ea3n ph\u1ea9m cao c\u1ea5p \u0111\u01b0\u1ee3c ch\u1ecdn l\u1ecdc gi\u00fap b\u1ea1n mua h\u00e0ng ch\u1ea5t l\u01b0\u1ee3ng, gi\u00e1 t\u1ed1t | MiTuNet","description":"T\u1ed5ng h\u1ee3p m\u1eabu s\u1ea3n ph\u1ea9m \u0111\u01b0\u1ee3c \u0111\u00e1nh gi\u00e1 cao v\u1ec1 ch\u1ea5t l\u01b0\u1ee3ng, \u0111\u00e1nh gi\u00e1 cao v\u1ec1 ng\u01b0\u1eddi d\u00f9ng, ch\u1ecdn mua s\u1ea3n ph\u1ea9m \u0111\u1eb9p m\u00e0 gi\u00e1 r\u1ebb, ch\u1ecdn mua h\u00e0ng ch\u00ednh h\u00e3ng, gian h\u00e0ng uy t\u00edn...","robots":{"index":"index","follow":"follow","max-snippet":"max-snippet:-1","max-image-preview":"max-image-preview:large","max-video-preview":"max-video-preview:-1"},"canonical":"https:\/\/mitunet.com\/vi\/san-pham\/","og_locale":"vi_VN","og_type":"article","og_title":"Nh\u1eefng s\u1ea3n ph\u1ea9m cao c\u1ea5p \u0111\u01b0\u1ee3c ch\u1ecdn l\u1ecdc gi\u00fap b\u1ea1n mua h\u00e0ng ch\u1ea5t l\u01b0\u1ee3ng, gi\u00e1 t\u1ed1t | MiTuNet","og_description":"T\u1ed5ng h\u1ee3p m\u1eabu s\u1ea3n ph\u1ea9m \u0111\u01b0\u1ee3c \u0111\u00e1nh gi\u00e1 cao v\u1ec1 ch\u1ea5t l\u01b0\u1ee3ng, \u0111\u00e1nh gi\u00e1 cao v\u1ec1 ng\u01b0\u1eddi d\u00f9ng, ch\u1ecdn mua s\u1ea3n ph\u1ea9m \u0111\u1eb9p m\u00e0 gi\u00e1 r\u1ebb, ch\u1ecdn mua h\u00e0ng ch\u00ednh h\u00e3ng, gian h\u00e0ng uy t\u00edn...","og_url":"https:\/\/mitunet.com\/vi\/san-pham\/","og_site_name":"MiTuNet","article_modified_time":"2024-03-03T13:48:06+00:00","twitter_card":"summary_large_image","twitter_misc":{"Est. reading time":"2 minutes"},"schema":{"@context":"https:\/\/schema.org","@graph":[{"@type":"WebPage","@id":"https:\/\/mitunet.com\/vi\/san-pham\/","url":"https:\/\/mitunet.com\/vi\/san-pham\/","name":"Nh\u1eefng s\u1ea3n ph\u1ea9m cao c\u1ea5p \u0111\u01b0\u1ee3c ch\u1ecdn l\u1ecdc gi\u00fap b\u1ea1n mua h\u00e0ng ch\u1ea5t l\u01b0\u1ee3ng, gi\u00e1 t\u1ed1t | MiTuNet","isPartOf":{"@id":"https:\/\/mitunet.com\/vi\/#website"},"datePublished":"2023-12-02T10:33:28+00:00","dateModified":"2024-03-03T13:48:06+00:00","description":"T\u1ed5ng h\u1ee3p m\u1eabu s\u1ea3n ph\u1ea9m \u0111\u01b0\u1ee3c \u0111\u00e1nh gi\u00e1 cao v\u1ec1 ch\u1ea5t l\u01b0\u1ee3ng, \u0111\u00e1nh gi\u00e1 cao v\u1ec1 ng\u01b0\u1eddi d\u00f9ng, ch\u1ecdn mua s\u1ea3n ph\u1ea9m \u0111\u1eb9p m\u00e0 gi\u00e1 r\u1ebb, ch\u1ecdn mua h\u00e0ng ch\u00ednh h\u00e3ng, gian h\u00e0ng uy t\u00edn...","breadcrumb":{"@id":"https:\/\/mitunet.com\/vi\/san-pham\/#breadcrumb"},"inLanguage":"vi-VN","potentialAction":[{"@type":"ReadAction","target":["https:\/\/mitunet.com\/vi\/san-pham\/"]}]},{"@type":"BreadcrumbList","@id":"https:\/\/mitunet.com\/vi\/san-pham\/#breadcrumb","itemListElement":[{"@type":"ListItem","position":1,"name":"Trang ch\u1ee7","item":"https:\/\/mitunet.com\/vi\/"},{"@type":"ListItem","position":2,"name":"S\u1ea3n Ph\u1ea9m"}]},{"@type":"WebSite","@id":"https:\/\/mitunet.com\/vi\/#website","url":"https:\/\/mitunet.com\/vi\/","name":"MiTuNet","description":"T\u1ed5ng h\u1ee3p c\u00e1c lo\u1ea1i h\u00ecnh m\u1eabu, file m\u1eabu, xem \u1ea3nh m\u1eabu c\u00e1c lo\u1ea1i s\u1ea3n ph\u1ea9m c\u00f3 tr\u00ean \u0111\u1eddi...","publisher":{"@id":"https:\/\/mitunet.com\/vi\/#organization"},"potentialAction":[{"@type":"SearchAction","target":{"@type":"EntryPoint","urlTemplate":"https:\/\/mitunet.com\/vi\/?s={search_term_string}"},"query-input":{"@type":"PropertyValueSpecification","valueRequired":true,"valueName":"search_term_string"}}],"inLanguage":"vi-VN"},{"@type":"Organization","@id":"https:\/\/mitunet.com\/vi\/#organization","name":"MiTuNet","url":"https:\/\/mitunet.com\/vi\/","logo":{"@type":"ImageObject","inLanguage":"vi-VN","@id":"https:\/\/mitunet.com\/vi\/#\/schema\/logo\/image\/","url":"https:\/\/mitunet.com\/wp-content\/uploads\/2024\/03\/logo.png","contentUrl":"https:\/\/mitunet.com\/wp-content\/uploads\/2024\/03\/logo.png","width":350,"height":65,"caption":"MiTuNet"},"image":{"@id":"https:\/\/mitunet.com\/vi\/#\/schema\/logo\/image\/"}}]}},"_links":{"self":[{"href":"https:\/\/mitunet.com\/vi\/wp-json\/wp\/v2\/pages\/1298","targetHints":{"allow":["GET"]}}],"collection":[{"href":"https:\/\/mitunet.com\/vi\/wp-json\/wp\/v2\/pages"}],"about":[{"href":"https:\/\/mitunet.com\/vi\/wp-json\/wp\/v2\/types\/page"}],"author":[{"embeddable":true,"href":"https:\/\/mitunet.com\/vi\/wp-json\/wp\/v2\/users\/1"}],"replies":[{"embeddable":true,"href":"https:\/\/mitunet.com\/vi\/wp-json\/wp\/v2\/comments?post=1298"}],"version-history":[{"count":0,"href":"https:\/\/mitunet.com\/vi\/wp-json\/wp\/v2\/pages\/1298\/revisions"}],"wp:attachment":[{"href":"https:\/\/mitunet.com\/vi\/wp-json\/wp\/v2\/media?parent=1298"}],"curies":[{"name":"wp","href":"https:\/\/api.w.org\/{rel}","templated":true}]}}