{"id":6646,"date":"2024-04-11T14:32:53","date_gmt":"2024-04-11T07:32:53","guid":{"rendered":"https:\/\/mitunet.com\/?page_id=6646"},"modified":"2024-04-11T14:32:53","modified_gmt":"2024-04-11T07:32:53","slug":"about","status":"publish","type":"page","link":"https:\/\/mitunet.com\/zh-hans\/about\/","title":{"rendered":"\u5173\u4e8e\u6211\u4eec"},"content":{"rendered":"<figure id=\"attachment_3735\" aria-describedby=\"caption-attachment-3735\" style=\"width: 790px\" class=\"wp-caption alignnone\"><img loading=\"lazy\" decoding=\"async\" class=\"size-full wp-image-3735\" src=\"https:\/\/mitunet.com\/wp-content\/uploads\/2023\/12\/gioi-thieu.jpg\" alt=\"Gi\u1edbi thi\u1ec7u \" width=\"800\" height=\"600\" srcset=\"https:\/\/mitunet.com\/wp-content\/uploads\/2023\/12\/gioi-thieu.jpg 800w, https:\/\/mitunet.com\/wp-content\/uploads\/2023\/12\/gioi-thieu-768x576.jpg 768w, https:\/\/mitunet.com\/wp-content\/uploads\/2023\/12\/gioi-thieu-53x40.jpg 53w, https:\/\/mitunet.com\/wp-content\/uploads\/2023\/12\/gioi-thieu-450x338.jpg 450w\" sizes=\"auto, (max-width: 800px) 100vw, 800px\" \/><figcaption id=\"caption-attachment-3735\" class=\"wp-caption-text\">\u5173\u4e8e\u6211\u4eec<\/figcaption><\/figure>\n<h2>MiTuNet \u7b80\u4ecb<\/h2>\n<p>\u6b22\u8fce\u6765\u5230 MiTuNet &#8211; \u4e3a\u70ed\u8877\u4e8e\u667a\u80fd\u9ad8\u6548\u8d2d\u7269\u7684\u7528\u6237\u63d0\u4f9b\u7684\u9886\u5148\u7f51\u7ad9\uff01 \u6211\u4eec\u5f88\u81ea\u8c6a\u80fd\u591f\u6210\u4e3a\u4e00\u4e2a\u4fe1\u8a89\u826f\u597d\u7684\u7f51\u7ad9\uff0c\u4e13\u95e8\u63d0\u4f9b\u5e02\u573a\u4e0a\u6700\u4f18\u8d28\u4ea7\u54c1\u7684\u94fe\u63a5\u3002<\/p>\n<p>\u5728MiTuNet\uff0c\u6211\u4eec\u662f\u60a8\u5728\u7ebf\u8d2d\u7269\u4e4b\u65c5\u4e2d\u503c\u5f97\u4fe1\u8d56\u7684\u961f\u53cb\u3002 \u6211\u4eec\u9009\u62e9\u7684\u6bcf\u4ef6\u4ea7\u54c1\u90fd\u7ecf\u8fc7\u5f7b\u5e95\u3001\u8be6\u7ec6\u7684\u5ba1\u67e5\u3002 \u786e\u4fdd\u987e\u5ba2\u5728\u51b3\u5b9a\u8d2d\u7269\u4e4b\u524d\u6536\u5230\u6700\u5b8c\u6574\u3001\u6700\u771f\u5b9e\u7684\u4fe1\u606f\u3002<\/p>\n<p>\u6211\u4eec\u7684\u4f7f\u547d\u662f\u8ba9\u60a8\u83b7\u5f97\u6700\u4f73\u7684\u5728\u7ebf\u8d2d\u7269\u4f53\u9a8c\u3002 MiTuNet\u5e0c\u671b\u966a\u4f34\u987e\u5ba2\u505a\u51fa\u6bcf\u4e00\u4e2a\u91cd\u8981\u7684\u8d2d\u7269\u51b3\u5b9a\uff01<\/p>\n<p>\u6b64\u5916\uff0c\u6211\u4eec\u8fd8\u805a\u96c6\u4e86\u591a\u5143\u5316\u7684\u670d\u52a1\u63d0\u4f9b\u5546\uff0c\u4ece\u5efa\u7b51\u884c\u4e1a\u5230\u533b\u7597\u4fdd\u5065\u548c\u7f8e\u5bb9\u670d\u52a1\u3002 \u5ba2\u6237\u53ef\u4ee5\u5728\u8fd9\u91cc\u627e\u5230\u6ee1\u8db3\u5176\u6240\u6709\u9700\u6c42\u7684\u4f18\u8d28\u3001\u7ecf\u6d4e\u9ad8\u6548\u7684\u670d\u52a1\u5730\u5740\u3002<\/p>\n<p>MiTuNet\u5e0c\u671b\u6d88\u8d39\u8005\u548c\u670d\u52a1\u5408\u4f5c\u4f19\u4f34\u4e4b\u95f4\u7684\u8054\u7cfb\u5c06\u4f7f\u6211\u4eec\u7684\u7f51\u7ad9\u6210\u4e3a\u4e00\u4e2a\u5168\u9762\u4e14\u6709\u7528\u7684\u76ee\u7684\u5730\u3002 \u5728\u60a8\u7684\u65e5\u5e38\u8d2d\u7269\u548c\u4f7f\u7528\u670d\u52a1\u8fc7\u7a0b\u4e2d\u3002<\/p>\n<figure id=\"attachment_3704\" aria-describedby=\"caption-attachment-3704\" style=\"width: 790px\" class=\"wp-caption alignnone\"><img loading=\"lazy\" decoding=\"async\" class=\"size-full wp-image-3704\" src=\"https:\/\/mitunet.com\/wp-content\/uploads\/2023\/12\/gioi-thieu-ve-top-mau.jpg\" alt=\"Gi\u1edbi thi\u1ec7u v\u1ec1 Top M\u1eabu\" width=\"800\" height=\"600\" srcset=\"https:\/\/mitunet.com\/wp-content\/uploads\/2023\/12\/gioi-thieu-ve-top-mau.jpg 800w, https:\/\/mitunet.com\/wp-content\/uploads\/2023\/12\/gioi-thieu-ve-top-mau-768x576.jpg 768w, https:\/\/mitunet.com\/wp-content\/uploads\/2023\/12\/gioi-thieu-ve-top-mau-53x40.jpg 53w, https:\/\/mitunet.com\/wp-content\/uploads\/2023\/12\/gioi-thieu-ve-top-mau-450x338.jpg 450w\" sizes=\"auto, (max-width: 800px) 100vw, 800px\" \/><figcaption id=\"caption-attachment-3704\" class=\"wp-caption-text\">\u4ecb\u7ecd MiTuNet<\/figcaption><\/figure>\n<h2>MiTuNet \u4e3a\u4f55\u8bde\u751f\uff1f<\/h2>\n<p>MiTuNet.com\u8bde\u751f\u7684\u4f7f\u547d\u662f\u8ba9\u5ba2\u6237\u7684\u5728\u7ebf\u8d2d\u7269\u4f53\u9a8c\u9ad8\u6548\u53ef\u9760\u3002 \u6211\u4eec\u81f4\u529b\u4e8e\u63d0\u4f9b\u4f18\u8d28\u7684\u4ea7\u54c1\u548c\u6700\u597d\u7684\u652f\u6301\u3002<\/p>\n<p>\u6211\u4eec\u6df1\u77e5\u4fe1\u4efb\u662f\u6bcf\u4e00\u4e2a\u5408\u4f5c\u5173\u7cfb\u7684\u6838\u5fc3\u8981\u7d20\u3002 \u56e0\u6b64\uff0cMiTuNet \u81f4\u529b\u4e8e\u5176\u8d2d\u7269\u793e\u533a\u7684\u900f\u660e\u5ea6\u3002 MiTuNet \u4e0a\u7684\u6bcf\u4e2a\u94fe\u63a5\u4e0d\u4ec5\u4ec5\u662f\u901a\u5f80\u60a8\u60f3\u8981\u7684\u4ea7\u54c1\u7684\u5927\u95e8\u3002 \u8fd9\u4e5f\u662f\u60a8\u8fdb\u5165\u8bda\u5b9e\u548c\u77e5\u60c5\u8bc4\u8bba\u4e16\u754c\u7684\u5165\u53e3\u3002<\/p>\n<figure id=\"attachment_3709\" aria-describedby=\"caption-attachment-3709\" style=\"width: 790px\" class=\"wp-caption alignnone\"><img loading=\"lazy\" decoding=\"async\" class=\"size-full wp-image-3709\" src=\"https:\/\/mitunet.com\/wp-content\/uploads\/2023\/12\/tai-sao-top-mau-ra-doi.jpg\" alt=\"T\u1ea1i sao Top M\u1eabu ra \u0111\u1eddi ?\" width=\"800\" height=\"600\" srcset=\"https:\/\/mitunet.com\/wp-content\/uploads\/2023\/12\/tai-sao-top-mau-ra-doi.jpg 800w, https:\/\/mitunet.com\/wp-content\/uploads\/2023\/12\/tai-sao-top-mau-ra-doi-768x576.jpg 768w, https:\/\/mitunet.com\/wp-content\/uploads\/2023\/12\/tai-sao-top-mau-ra-doi-53x40.jpg 53w, https:\/\/mitunet.com\/wp-content\/uploads\/2023\/12\/tai-sao-top-mau-ra-doi-450x338.jpg 450w\" sizes=\"auto, (max-width: 800px) 100vw, 800px\" \/><figcaption id=\"caption-attachment-3709\" class=\"wp-caption-text\">MiTuNet \u4e3a\u4f55\u8bde\u751f\uff1f<\/figcaption><\/figure>\n<p>\u5e26\u6765\u5ec9\u4ef7\u4ea7\u54c1<\/p>\n<p>MiTuNet\u63d0\u4f9b\u5ec9\u4ef7\u4ea7\u54c1\u7684\u94fe\u63a5\uff0c\u5e2e\u52a9\u5ba2\u6237\u5728\u4fdd\u8bc1\u8d28\u91cf\u7684\u540c\u65f6\u8282\u7701\u6210\u672c\u3002<\/p>\n<p>\u63d0\u4f9b\u771f\u5b9e\u8d2d\u4e70\u5730\u5740<\/p>\n<p>MiTuNet.com\u4e3a\u60a8\u63d0\u4f9b\u771f\u5b9e\u7684\u8d2d\u7269\u5730\u5740\uff0c\u5e2e\u52a9\u60a8\u89c4\u907f\u7f51\u8d2d\u98ce\u9669\u3002<\/p>\n<p>\u4ee5\u6700\u4f18\u60e0\u7684\u4ef7\u683c\u8fc7\u6ee4\u4f18\u8d28\u4ea7\u54c1<\/p>\n<p>\u59cb\u7ec8\u9009\u62e9\u4f18\u8d28\u4ea7\u54c1\u5e76\u7ed9\u51fa\u8be6\u7ec6\u8bc4\u8bba\u3002 \u540c\u65f6\uff0c\u63d0\u4f9b\u4ef7\u683c\u6700\u4f18\u60e0\u7684\u5546\u5e97\u94fe\u63a5\u3002<\/p>\n<h2>MiTuNet \u7684\u4f18\u70b9<\/h2>\n<figure id=\"attachment_3714\" aria-describedby=\"caption-attachment-3714\" style=\"width: 790px\" class=\"wp-caption alignnone\"><img loading=\"lazy\" decoding=\"async\" class=\"size-full wp-image-3714\" src=\"https:\/\/mitunet.com\/wp-content\/uploads\/2023\/12\/uu-diem-cua-top-mau.jpg\" alt=\"\u01afu \u0111i\u1ec3m c\u1ee7a Top M\u1eabu\" width=\"800\" height=\"600\" srcset=\"https:\/\/mitunet.com\/wp-content\/uploads\/2023\/12\/uu-diem-cua-top-mau.jpg 800w, https:\/\/mitunet.com\/wp-content\/uploads\/2023\/12\/uu-diem-cua-top-mau-768x576.jpg 768w, https:\/\/mitunet.com\/wp-content\/uploads\/2023\/12\/uu-diem-cua-top-mau-53x40.jpg 53w, https:\/\/mitunet.com\/wp-content\/uploads\/2023\/12\/uu-diem-cua-top-mau-450x338.jpg 450w\" sizes=\"auto, (max-width: 800px) 100vw, 800px\" \/><figcaption id=\"caption-attachment-3714\" class=\"wp-caption-text\">MiTuNet \u7684\u4f18\u70b9<\/figcaption><\/figure>\n<p>\u73b0\u4ee3\u79d1\u6280<\/p>\n<p>\u7f51\u7ad9\u7cfb\u7edf\u4f7f\u7528\u7b80\u5355\uff0c\u8fde\u63a5\u7075\u6d3b\uff0c\u6700\u9002\u5408\u5ba2\u6237\u3002<\/p>\n<p>\u4e13\u4e1a\u7684\u5206\u9500\u7f51\u7edc<\/p>\n<p>MiTuNet.com \u51ed\u501f\u9886\u5148\u5730\u4f4d\uff0c\u5728\u591a\u4e2a\u9886\u57df\u63d0\u4f9b\u591a\u6837\u5316\u3001\u4e13\u4e1a\u5316\u7684\u4ea7\u54c1\u7f51\u7edc\u3002<\/p>\n<p>\u6700\u4f73\u652f\u6301<\/p>\n<p>\u6211\u4eec\u63d0\u4f9b\u5468\u5230\u7684\u5ba2\u6237\u670d\u52a1\u56e2\u961f\uff0c\u5feb\u901f\u89e3\u51b3\u6240\u6709\u5ba2\u6237\u95ee\u9898\u3002<\/p>\n<p>\u72ec\u5bb6\u4f18\u60e0\u548c\u4fc3\u9500<\/p>\n<p>\u5bf9\u4e8e\u5ba2\u6237\u6765\u8bf4\uff0c\u4f7f\u7528\u6211\u4eec\u7684\u63a8\u8350\u94fe\u63a5\u53ef\u4ee5\u5e26\u6765\u8bb8\u591a\u597d\u5904\uff0c\u4f8b\u5982\uff1a\u7279\u522b\u6298\u6263\u3001\u72ec\u5bb6\u4f18\u60e0\u6216\u8be6\u7ec6\u7684\u4ea7\u54c1\u4fe1\u606f\u3002<\/p>\n<figure id=\"attachment_3719\" aria-describedby=\"caption-attachment-3719\" style=\"width: 790px\" class=\"wp-caption alignnone\"><img loading=\"lazy\" decoding=\"async\" class=\"size-full wp-image-3719\" src=\"https:\/\/mitunet.com\/wp-content\/uploads\/2023\/12\/uu-dai-va-khuyen-mai-doc-quyen.jpg\" alt=\"\u01afu \u0111\u00e3i v\u00e0 khuy\u1ebfn m\u00e3i \u0111\u1ed9c quy\u1ec1n\" width=\"800\" height=\"600\" srcset=\"https:\/\/mitunet.com\/wp-content\/uploads\/2023\/12\/uu-dai-va-khuyen-mai-doc-quyen.jpg 800w, https:\/\/mitunet.com\/wp-content\/uploads\/2023\/12\/uu-dai-va-khuyen-mai-doc-quyen-768x576.jpg 768w, https:\/\/mitunet.com\/wp-content\/uploads\/2023\/12\/uu-dai-va-khuyen-mai-doc-quyen-53x40.jpg 53w, https:\/\/mitunet.com\/wp-content\/uploads\/2023\/12\/uu-dai-va-khuyen-mai-doc-quyen-450x338.jpg 450w\" sizes=\"auto, (max-width: 800px) 100vw, 800px\" \/><figcaption id=\"caption-attachment-3719\" class=\"wp-caption-text\">\u72ec\u5bb6\u4f18\u60e0\u548c\u4fc3\u9500<\/figcaption><\/figure>\n<p>\u5bf9\u8d28\u91cf\u7684\u627f\u8bfa<\/p>\n<p>\u6211\u4eec\u786e\u4fdd\u53ea\u63d0\u4f9b\u4f18\u8d28\u7684\u4ea7\u54c1\uff0c\u4ee5\u4fbf\u6211\u4eec\u7684\u5ba2\u6237\u5728\u901a\u8fc7\u7f51\u7ad9\u4e0a\u7684\u94fe\u63a5\u8d2d\u7269\u65f6\u83b7\u5f97\u79ef\u6781\u7684\u4f53\u9a8c\u3002<\/p>\n<p>\u7701\u65f6\u95f4<\/p>\n<p>\u901a\u8fc7\u63d0\u4f9b\u4ea7\u54c1\u7684\u76f4\u63a5\u94fe\u63a5\uff0c\u6211\u4eec\u5e2e\u52a9\u7528\u6237\u8282\u7701\u641c\u7d22\u4fe1\u606f\u548c\u8d2d\u7269\u7684\u65f6\u95f4\u3002 \u5c24\u5176\u662f\u5f53\u60a8\u786e\u5207\u77e5\u9053\u81ea\u5df1\u60f3\u8981\u4ec0\u4e48\u4ea7\u54c1\u65f6\u3002<\/p>\n<p>\u900f\u660e\u5ea6\u548c\u4fe1\u4efb<\/p>\n<p>\u6211\u4eec\u81f4\u529b\u4e8e\u5bf9\u7528\u6237\u4fdd\u6301\u900f\u660e\u5ea6\uff0c\u5e2e\u52a9\u521b\u5efa\u4e00\u4e2a\u503c\u5f97\u4fe1\u8d56\u548c\u5b89\u5168\u7684\u5728\u7ebf\u8d2d\u7269\u73af\u5883\u3002<\/p>\n<h2>\u4e0d\u4ec5\u4ec5\u662f\u4e00\u4e2a\u9500\u552e\u7f51\u7ad9<\/h2>\n<p>\u6b64\u5916\uff0c\u6211\u4eec\u8fd8\u7279\u522b\u6ce8\u91cd\u63d0\u4f9b\u8bb8\u591a\u6709\u7528\u7684\u6587\u7ae0\u3002 \u8fd9\u4e9b\u6587\u7ae0\u5c06\u5e2e\u52a9\u7528\u6237\u66f4\u597d\u5730\u4e86\u89e3\u6bcf\u4e00\u6b3e\u4ea7\u54c1\uff0c\u8fdb\u4e00\u6b65\u63a2\u8ba8\u54c1\u724c\u7684\u5f62\u6210\u3002<\/p>\n<p>\u6211\u4eec\u4e0d\u4ec5\u4ec5\u505c\u7559\u5728\u4ecb\u7ecd\u4ea7\u54c1\u548c\u54c1\u724c\uff0c\u6211\u4eec\u8fd8\u66f4\u65b0\u751f\u6d3b\u5176\u4ed6\u9886\u57df\u7684\u6700\u65b0\u6d88\u606f\u3002 \u901a\u8fc7\u6587\u7ae0\u548c\u65b0\u95fb\uff0cMiTuNet\u4e0d\u4ec5\u662f\u4e00\u4e2a\u4ecb\u7ecd\u4ea7\u54c1\u548c\u670d\u52a1\u7684\u7f51\u7ad9\uff0c\u66f4\u662f\u5e2e\u52a9\u60a8\u638c\u63e1\u8d8b\u52bf\u3001\u66f4\u65b0\u5e02\u573a\u91cd\u8981\u4fe1\u606f\u7684\u53ef\u9760\u4fe1\u606f\u6765\u6e90\u3002<\/p>\n<figure id=\"attachment_3724\" aria-describedby=\"caption-attachment-3724\" style=\"width: 790px\" class=\"wp-caption alignnone\"><img loading=\"lazy\" decoding=\"async\" class=\"size-full wp-image-3724\" src=\"https:\/\/mitunet.com\/wp-content\/uploads\/2023\/12\/nhieu-hon-mot-website-ban-hang.jpg\" alt=\"Nhi\u1ec1u h\u01a1n m\u1ed9t website b\u00e1n h\u00e0ng\" width=\"800\" height=\"600\" srcset=\"https:\/\/mitunet.com\/wp-content\/uploads\/2023\/12\/nhieu-hon-mot-website-ban-hang.jpg 800w, https:\/\/mitunet.com\/wp-content\/uploads\/2023\/12\/nhieu-hon-mot-website-ban-hang-768x576.jpg 768w, https:\/\/mitunet.com\/wp-content\/uploads\/2023\/12\/nhieu-hon-mot-website-ban-hang-53x40.jpg 53w, https:\/\/mitunet.com\/wp-content\/uploads\/2023\/12\/nhieu-hon-mot-website-ban-hang-450x338.jpg 450w\" sizes=\"auto, (max-width: 800px) 100vw, 800px\" \/><figcaption id=\"caption-attachment-3724\" class=\"wp-caption-text\">\u4e0d\u4ec5\u4ec5\u662f\u4e00\u4e2a\u9500\u552e\u7f51\u7ad9<\/figcaption><\/figure>\n<h2>MiTuNet \u5408\u4f5c\u4f19\u4f34<\/h2>\n<p>\u6bcf\u4e2a MiTuNet \u5408\u4f5c\u4f19\u4f34\u90fd\u7ecf\u8fc7\u7cbe\u5fc3\u6311\u9009\uff0c\u786e\u4fdd\u4ed6\u4eec\u7b26\u5408\u8d28\u91cf\u548c\u670d\u52a1\u6807\u51c6\u3002 \u6211\u4eec\u4e0d\u4ec5\u6839\u636e\u4ea7\u54c1\u8d28\u91cf\uff0c\u8fd8\u6839\u636e\u7528\u6237\u4f53\u9a8c\u6765\u8bc6\u522b\u5408\u4f5c\u4f19\u4f34\u3002 \u56e0\u6b64\uff0c\u6211\u4eec\u7684\u5408\u4f5c\u4f19\u4f34\u7f51\u7edc\u5305\u62ec\u4e45\u8d1f\u76db\u540d\u7684\u9886\u5148\u7535\u5b50\u5546\u52a1\u5e73\u53f0\uff0c\u4f8b\u5982\uff1aShopee\u3001Lazada\u3001Tiki\u3001Amazon\u3001Sendo&#8230;<\/p>\n<figure id=\"attachment_3740\" aria-describedby=\"caption-attachment-3740\" style=\"width: 890px\" class=\"wp-caption alignnone\"><img loading=\"lazy\" decoding=\"async\" class=\"size-full wp-image-3740\" src=\"https:\/\/mitunet.com\/wp-content\/uploads\/2023\/12\/Untitled-1.jpg\" alt=\"\u0110\u1ed1i t\u00e1c c\u1ee7a Top M\u1eabu\" width=\"900\" height=\"500\" srcset=\"https:\/\/mitunet.com\/wp-content\/uploads\/2023\/12\/Untitled-1.jpg 900w, https:\/\/mitunet.com\/wp-content\/uploads\/2023\/12\/Untitled-1-768x427.jpg 768w, https:\/\/mitunet.com\/wp-content\/uploads\/2023\/12\/Untitled-1-72x40.jpg 72w\" sizes=\"auto, (max-width: 900px) 100vw, 900px\" \/><figcaption id=\"caption-attachment-3740\" class=\"wp-caption-text\">MiTuNet \u5408\u4f5c\u4f19\u4f34<\/figcaption><\/figure>\n","protected":false},"excerpt":{"rendered":"<p>MiTuNet \u7b80\u4ecb \u6b22\u8fce\u6765\u5230 MiTuNet &#8211; \u4e3a\u70ed\u8877\u4e8e\u667a\u80fd\u9ad8\u6548\u8d2d\u7269\u7684\u7528\u6237\u63d0\u4f9b\u7684\u9886\u5148\u7f51\u7ad9\uff01 \u6211 [&hellip;]<\/p>\n","protected":false},"author":1,"featured_media":6568,"parent":0,"menu_order":0,"comment_status":"closed","ping_status":"closed","template":"","meta":{"footnotes":""},"class_list":["post-6646","page","type-page","status-publish","has-post-thumbnail","hentry"],"yoast_head":"<!-- This site is optimized with the Yoast SEO plugin v25.5 - https:\/\/yoast.com\/wordpress\/plugins\/seo\/ -->\n<title>\u4ecb\u7ecdMiTuNet\u7f51\u7ad9\u3001MiTuNet\u7684\u4f7f\u547d\u548c\u6838\u5fc3\u4ef7\u503c\u89c2 | MiTuNet<\/title>\n<meta name=\"description\" content=\"\u8be5\u9875\u9762\u4ecb\u7ecd\u4e86 MiTuNet \u7f51\u7ad9\u7684\u6982\u8ff0\uff0c\u9605\u8bfb\u7f51\u7ad9\u4e0a\u7684\u4ecb\u7ecd\u4fe1\u606f\u548c\u529f\u80fd\uff0c\u6982\u8ff0\u613f\u666f\u3001\u4f7f\u547d\u3001\u6838\u5fc3\u4ef7\u503c\u89c2...\" \/>\n<meta name=\"robots\" content=\"index, follow, max-snippet:-1, max-image-preview:large, max-video-preview:-1\" \/>\n<link rel=\"canonical\" href=\"https:\/\/mitunet.com\/zh-hans\/about\/\" \/>\n<meta property=\"og:locale\" content=\"zh_CN\" \/>\n<meta property=\"og:type\" content=\"article\" \/>\n<meta property=\"og:title\" content=\"\u4ecb\u7ecdMiTuNet\u7f51\u7ad9\u3001MiTuNet\u7684\u4f7f\u547d\u548c\u6838\u5fc3\u4ef7\u503c\u89c2 | MiTuNet\" \/>\n<meta property=\"og:description\" content=\"\u8be5\u9875\u9762\u4ecb\u7ecd\u4e86 MiTuNet \u7f51\u7ad9\u7684\u6982\u8ff0\uff0c\u9605\u8bfb\u7f51\u7ad9\u4e0a\u7684\u4ecb\u7ecd\u4fe1\u606f\u548c\u529f\u80fd\uff0c\u6982\u8ff0\u613f\u666f\u3001\u4f7f\u547d\u3001\u6838\u5fc3\u4ef7\u503c\u89c2...\" \/>\n<meta property=\"og:url\" content=\"https:\/\/mitunet.com\/zh-hans\/about\/\" \/>\n<meta property=\"og:site_name\" content=\"MiTuNet\" \/>\n<meta property=\"og:image\" content=\"https:\/\/mitunet.com\/wp-content\/uploads\/2023\/12\/gioi-thieu-ve-top-mau.jpg\" \/>\n\t<meta property=\"og:image:width\" content=\"800\" \/>\n\t<meta property=\"og:image:height\" content=\"600\" \/>\n\t<meta property=\"og:image:type\" content=\"image\/jpeg\" \/>\n<meta name=\"twitter:card\" content=\"summary_large_image\" \/>\n<meta name=\"twitter:label1\" content=\"\u9884\u8ba1\u9605\u8bfb\u65f6\u95f4\" \/>\n\t<meta name=\"twitter:data1\" content=\"2 \u5206\" \/>\n<script type=\"application\/ld+json\" class=\"yoast-schema-graph\">{\"@context\":\"https:\/\/schema.org\",\"@graph\":[{\"@type\":\"WebPage\",\"@id\":\"https:\/\/mitunet.com\/zh-hans\/about\/\",\"url\":\"https:\/\/mitunet.com\/zh-hans\/about\/\",\"name\":\"\u4ecb\u7ecdMiTuNet\u7f51\u7ad9\u3001MiTuNet\u7684\u4f7f\u547d\u548c\u6838\u5fc3\u4ef7\u503c\u89c2 | MiTuNet\",\"isPartOf\":{\"@id\":\"https:\/\/mitunet.com\/zh-hans\/#website\"},\"primaryImageOfPage\":{\"@id\":\"https:\/\/mitunet.com\/zh-hans\/about\/#primaryimage\"},\"image\":{\"@id\":\"https:\/\/mitunet.com\/zh-hans\/about\/#primaryimage\"},\"thumbnailUrl\":\"https:\/\/mitunet.com\/wp-content\/uploads\/2023\/12\/gioi-thieu-ve-top-mau.jpg\",\"datePublished\":\"2024-04-11T07:32:53+00:00\",\"description\":\"\u8be5\u9875\u9762\u4ecb\u7ecd\u4e86 MiTuNet \u7f51\u7ad9\u7684\u6982\u8ff0\uff0c\u9605\u8bfb\u7f51\u7ad9\u4e0a\u7684\u4ecb\u7ecd\u4fe1\u606f\u548c\u529f\u80fd\uff0c\u6982\u8ff0\u613f\u666f\u3001\u4f7f\u547d\u3001\u6838\u5fc3\u4ef7\u503c\u89c2...\",\"breadcrumb\":{\"@id\":\"https:\/\/mitunet.com\/zh-hans\/about\/#breadcrumb\"},\"inLanguage\":\"zh-Hans\",\"potentialAction\":[{\"@type\":\"ReadAction\",\"target\":[\"https:\/\/mitunet.com\/zh-hans\/about\/\"]}]},{\"@type\":\"ImageObject\",\"inLanguage\":\"zh-Hans\",\"@id\":\"https:\/\/mitunet.com\/zh-hans\/about\/#primaryimage\",\"url\":\"https:\/\/mitunet.com\/wp-content\/uploads\/2023\/12\/gioi-thieu-ve-top-mau.jpg\",\"contentUrl\":\"https:\/\/mitunet.com\/wp-content\/uploads\/2023\/12\/gioi-thieu-ve-top-mau.jpg\",\"width\":800,\"height\":600,\"caption\":\"Gi\u1edbi thi\u1ec7u v\u1ec1 Top M\u1eabu\"},{\"@type\":\"BreadcrumbList\",\"@id\":\"https:\/\/mitunet.com\/zh-hans\/about\/#breadcrumb\",\"itemListElement\":[{\"@type\":\"ListItem\",\"position\":1,\"name\":\"Trang ch\u1ee7\",\"item\":\"https:\/\/mitunet.com\/zh-hans\/\"},{\"@type\":\"ListItem\",\"position\":2,\"name\":\"\u5173\u4e8e\u6211\u4eec\"}]},{\"@type\":\"WebSite\",\"@id\":\"https:\/\/mitunet.com\/zh-hans\/#website\",\"url\":\"https:\/\/mitunet.com\/zh-hans\/\",\"name\":\"MiTuNet\",\"description\":\"T\u1ed5ng h\u1ee3p c\u00e1c lo\u1ea1i h\u00ecnh m\u1eabu, file m\u1eabu, xem \u1ea3nh m\u1eabu c\u00e1c lo\u1ea1i s\u1ea3n ph\u1ea9m c\u00f3 tr\u00ean \u0111\u1eddi...\",\"publisher\":{\"@id\":\"https:\/\/mitunet.com\/zh-hans\/#organization\"},\"potentialAction\":[{\"@type\":\"SearchAction\",\"target\":{\"@type\":\"EntryPoint\",\"urlTemplate\":\"https:\/\/mitunet.com\/zh-hans\/?s={search_term_string}\"},\"query-input\":{\"@type\":\"PropertyValueSpecification\",\"valueRequired\":true,\"valueName\":\"search_term_string\"}}],\"inLanguage\":\"zh-Hans\"},{\"@type\":\"Organization\",\"@id\":\"https:\/\/mitunet.com\/zh-hans\/#organization\",\"name\":\"MiTuNet\",\"url\":\"https:\/\/mitunet.com\/zh-hans\/\",\"logo\":{\"@type\":\"ImageObject\",\"inLanguage\":\"zh-Hans\",\"@id\":\"https:\/\/mitunet.com\/zh-hans\/#\/schema\/logo\/image\/\",\"url\":\"https:\/\/mitunet.com\/wp-content\/uploads\/2024\/03\/logo.png\",\"contentUrl\":\"https:\/\/mitunet.com\/wp-content\/uploads\/2024\/03\/logo.png\",\"width\":350,\"height\":65,\"caption\":\"MiTuNet\"},\"image\":{\"@id\":\"https:\/\/mitunet.com\/zh-hans\/#\/schema\/logo\/image\/\"}}]}<\/script>\n<!-- \/ Yoast SEO plugin. -->","yoast_head_json":{"title":"\u4ecb\u7ecdMiTuNet\u7f51\u7ad9\u3001MiTuNet\u7684\u4f7f\u547d\u548c\u6838\u5fc3\u4ef7\u503c\u89c2 | MiTuNet","description":"\u8be5\u9875\u9762\u4ecb\u7ecd\u4e86 MiTuNet \u7f51\u7ad9\u7684\u6982\u8ff0\uff0c\u9605\u8bfb\u7f51\u7ad9\u4e0a\u7684\u4ecb\u7ecd\u4fe1\u606f\u548c\u529f\u80fd\uff0c\u6982\u8ff0\u613f\u666f\u3001\u4f7f\u547d\u3001\u6838\u5fc3\u4ef7\u503c\u89c2...","robots":{"index":"index","follow":"follow","max-snippet":"max-snippet:-1","max-image-preview":"max-image-preview:large","max-video-preview":"max-video-preview:-1"},"canonical":"https:\/\/mitunet.com\/zh-hans\/about\/","og_locale":"zh_CN","og_type":"article","og_title":"\u4ecb\u7ecdMiTuNet\u7f51\u7ad9\u3001MiTuNet\u7684\u4f7f\u547d\u548c\u6838\u5fc3\u4ef7\u503c\u89c2 | MiTuNet","og_description":"\u8be5\u9875\u9762\u4ecb\u7ecd\u4e86 MiTuNet \u7f51\u7ad9\u7684\u6982\u8ff0\uff0c\u9605\u8bfb\u7f51\u7ad9\u4e0a\u7684\u4ecb\u7ecd\u4fe1\u606f\u548c\u529f\u80fd\uff0c\u6982\u8ff0\u613f\u666f\u3001\u4f7f\u547d\u3001\u6838\u5fc3\u4ef7\u503c\u89c2...","og_url":"https:\/\/mitunet.com\/zh-hans\/about\/","og_site_name":"MiTuNet","og_image":[{"width":800,"height":600,"url":"https:\/\/mitunet.com\/wp-content\/uploads\/2023\/12\/gioi-thieu-ve-top-mau.jpg","type":"image\/jpeg"}],"twitter_card":"summary_large_image","twitter_misc":{"\u9884\u8ba1\u9605\u8bfb\u65f6\u95f4":"2 \u5206"},"schema":{"@context":"https:\/\/schema.org","@graph":[{"@type":"WebPage","@id":"https:\/\/mitunet.com\/zh-hans\/about\/","url":"https:\/\/mitunet.com\/zh-hans\/about\/","name":"\u4ecb\u7ecdMiTuNet\u7f51\u7ad9\u3001MiTuNet\u7684\u4f7f\u547d\u548c\u6838\u5fc3\u4ef7\u503c\u89c2 | MiTuNet","isPartOf":{"@id":"https:\/\/mitunet.com\/zh-hans\/#website"},"primaryImageOfPage":{"@id":"https:\/\/mitunet.com\/zh-hans\/about\/#primaryimage"},"image":{"@id":"https:\/\/mitunet.com\/zh-hans\/about\/#primaryimage"},"thumbnailUrl":"https:\/\/mitunet.com\/wp-content\/uploads\/2023\/12\/gioi-thieu-ve-top-mau.jpg","datePublished":"2024-04-11T07:32:53+00:00","description":"\u8be5\u9875\u9762\u4ecb\u7ecd\u4e86 MiTuNet \u7f51\u7ad9\u7684\u6982\u8ff0\uff0c\u9605\u8bfb\u7f51\u7ad9\u4e0a\u7684\u4ecb\u7ecd\u4fe1\u606f\u548c\u529f\u80fd\uff0c\u6982\u8ff0\u613f\u666f\u3001\u4f7f\u547d\u3001\u6838\u5fc3\u4ef7\u503c\u89c2...","breadcrumb":{"@id":"https:\/\/mitunet.com\/zh-hans\/about\/#breadcrumb"},"inLanguage":"zh-Hans","potentialAction":[{"@type":"ReadAction","target":["https:\/\/mitunet.com\/zh-hans\/about\/"]}]},{"@type":"ImageObject","inLanguage":"zh-Hans","@id":"https:\/\/mitunet.com\/zh-hans\/about\/#primaryimage","url":"https:\/\/mitunet.com\/wp-content\/uploads\/2023\/12\/gioi-thieu-ve-top-mau.jpg","contentUrl":"https:\/\/mitunet.com\/wp-content\/uploads\/2023\/12\/gioi-thieu-ve-top-mau.jpg","width":800,"height":600,"caption":"Gi\u1edbi thi\u1ec7u v\u1ec1 Top M\u1eabu"},{"@type":"BreadcrumbList","@id":"https:\/\/mitunet.com\/zh-hans\/about\/#breadcrumb","itemListElement":[{"@type":"ListItem","position":1,"name":"Trang ch\u1ee7","item":"https:\/\/mitunet.com\/zh-hans\/"},{"@type":"ListItem","position":2,"name":"\u5173\u4e8e\u6211\u4eec"}]},{"@type":"WebSite","@id":"https:\/\/mitunet.com\/zh-hans\/#website","url":"https:\/\/mitunet.com\/zh-hans\/","name":"MiTuNet","description":"T\u1ed5ng h\u1ee3p c\u00e1c lo\u1ea1i h\u00ecnh m\u1eabu, file m\u1eabu, xem \u1ea3nh m\u1eabu c\u00e1c lo\u1ea1i s\u1ea3n ph\u1ea9m c\u00f3 tr\u00ean \u0111\u1eddi...","publisher":{"@id":"https:\/\/mitunet.com\/zh-hans\/#organization"},"potentialAction":[{"@type":"SearchAction","target":{"@type":"EntryPoint","urlTemplate":"https:\/\/mitunet.com\/zh-hans\/?s={search_term_string}"},"query-input":{"@type":"PropertyValueSpecification","valueRequired":true,"valueName":"search_term_string"}}],"inLanguage":"zh-Hans"},{"@type":"Organization","@id":"https:\/\/mitunet.com\/zh-hans\/#organization","name":"MiTuNet","url":"https:\/\/mitunet.com\/zh-hans\/","logo":{"@type":"ImageObject","inLanguage":"zh-Hans","@id":"https:\/\/mitunet.com\/zh-hans\/#\/schema\/logo\/image\/","url":"https:\/\/mitunet.com\/wp-content\/uploads\/2024\/03\/logo.png","contentUrl":"https:\/\/mitunet.com\/wp-content\/uploads\/2024\/03\/logo.png","width":350,"height":65,"caption":"MiTuNet"},"image":{"@id":"https:\/\/mitunet.com\/zh-hans\/#\/schema\/logo\/image\/"}}]}},"_links":{"self":[{"href":"https:\/\/mitunet.com\/zh-hans\/wp-json\/wp\/v2\/pages\/6646","targetHints":{"allow":["GET"]}}],"collection":[{"href":"https:\/\/mitunet.com\/zh-hans\/wp-json\/wp\/v2\/pages"}],"about":[{"href":"https:\/\/mitunet.com\/zh-hans\/wp-json\/wp\/v2\/types\/page"}],"author":[{"embeddable":true,"href":"https:\/\/mitunet.com\/zh-hans\/wp-json\/wp\/v2\/users\/1"}],"replies":[{"embeddable":true,"href":"https:\/\/mitunet.com\/zh-hans\/wp-json\/wp\/v2\/comments?post=6646"}],"version-history":[{"count":0,"href":"https:\/\/mitunet.com\/zh-hans\/wp-json\/wp\/v2\/pages\/6646\/revisions"}],"wp:featuredmedia":[{"embeddable":true,"href":"https:\/\/mitunet.com\/zh-hans\/wp-json\/wp\/v2\/media\/6568"}],"wp:attachment":[{"href":"https:\/\/mitunet.com\/zh-hans\/wp-json\/wp\/v2\/media?parent=6646"}],"curies":[{"name":"wp","href":"https:\/\/api.w.org\/{rel}","templated":true}]}}